{"id":29023,"date":"2022-01-31T13:09:13","date_gmt":"2022-01-31T13:09:13","guid":{"rendered":"https:\/\/workhub.pt\/?page_id=29023"},"modified":"2024-11-08T06:00:21","modified_gmt":"2024-11-08T06:00:21","slug":"blog","status":"publish","type":"page","link":"https:\/\/workhub.pt\/en\/blog\/","title":{"rendered":"Blog sobre coworking e trabalho remoto"},"content":{"rendered":"<div data-elementor-type=\"wp-page\" data-elementor-id=\"29023\" class=\"elementor elementor-29023\">\n\t\t\t\t\t\t<section class=\"elementor-section elementor-top-section elementor-element elementor-element-3c99e5ed elementor-section-boxed elementor-section-height-default elementor-section-height-default parallax_section_no qode_elementor_container_no qode-content-aligment-left\" data-id=\"3c99e5ed\" data-element_type=\"section\" data-e-type=\"section\">\n\t\t\t\t\t\t<div class=\"elementor-container elementor-column-gap-default\">\n\t\t\t\t\t<div class=\"elementor-column elementor-col-100 elementor-top-column elementor-element elementor-element-2f2105f4\" data-id=\"2f2105f4\" data-element_type=\"column\" data-e-type=\"column\">\n\t\t\t<div class=\"elementor-widget-wrap elementor-element-populated\">\n\t\t\t\t\t\t<div class=\"elementor-element elementor-element-2b73c273 elementor-widget elementor-widget-qode_simple_blog_list\" data-id=\"2b73c273\" data-element_type=\"widget\" data-e-type=\"widget\" data-widget_type=\"qode_simple_blog_list.default\">\n\t\t\t\t<div class=\"elementor-widget-container\">\n\t\t\t\t\t<div class=\"qode-simple-blog-list qode-sbl-3-columns\">\n\t\t\t<div class=\"qode-sbl-posts-holder clearfix\">\n\t\t\t<div class=\"qode-sbl-posts\">\n\t\t\t\t\t\t\t\t\t<div class=\"qode-sbl-post\">\n\t\t\t\t\t\t<div class=\"qode-sbl-post-text\">\n\t\t\t\t\t\t\t<h6 class=\"qode-sbl-category\"><a href=\"https:\/\/workhub.pt\/en\/category\/coworking\/\" rel=\"category tag\">Coworking<\/a>, <a href=\"https:\/\/workhub.pt\/en\/category\/marvila\/\" rel=\"category tag\">Marvila<\/a><\/h6>\n\t\t\t\t\t\t\t<h3 class=\"qode-sbl-post-title entry_title\" itemprop=\"name\">\n\t\t\t\t\t\t\t\t<a href=\"https:\/\/workhub.pt\/en\/why-lisbons-industrial-zones-are-the-future-of-work\/\" itemprop=\"url\">Why Lisbon\u2019s Industrial Zones Are the Future of Work<\/a>\n\t\t\t\t\t\t\t<\/h3>\n\t\t\t\t\t\t\t\t\t\t\t\t\t\t<p itemprop=\"description\" class=\"qode-sbl-post-excerpt\">At WorkHub in Lisbon, we\u2019ve discovered something counterintuitive \u2014 and powerful: Industrial zones aren\u2019t a compromise. They\u2019re a competitive ...<\/p>\n\t\t\t\t\t\t\t<a href=\"https:\/\/workhub.pt\/en\/why-lisbons-industrial-zones-are-the-future-of-work\/\" target=\"_self\"  class=\"qbutton  underlined\" style=\"\">Read More<span class=\"qode-underlined-button-span\" style=\"\"><\/span><\/a>\t\t\t\t\t\t<\/div>\n\t\t\t\t\t<\/div>\n\t\t\t\t\t\t\t\t\t<div class=\"qode-sbl-post\">\n\t\t\t\t\t\t<div class=\"qode-sbl-post-text\">\n\t\t\t\t\t\t\t<h6 class=\"qode-sbl-category\"><a href=\"https:\/\/workhub.pt\/en\/category\/coworking\/\" rel=\"category tag\">Coworking<\/a><\/h6>\n\t\t\t\t\t\t\t<h3 class=\"qode-sbl-post-title entry_title\" itemprop=\"name\">\n\t\t\t\t\t\t\t\t<a href=\"https:\/\/workhub.pt\/en\/3-espacos-que-vale-a-pena-conhecer-no-braco-de-prata\/\" itemprop=\"url\">Espa\u00e7os que vale a pena conhecer no Bra\u00e7o de Prata<\/a>\n\t\t\t\t\t\t\t<\/h3>\n\t\t\t\t\t\t\t\t\t\t\t\t\t\t<p itemprop=\"description\" class=\"qode-sbl-post-excerpt\">Com a combina\u00e7\u00e3o perfeita entre hist\u00f3ria e modernidade, o Bra\u00e7o de Prata mudou muito nos \u00faltimos anos. Junto ao rio, antigas f\u00e1bricas e armaz\u00e9n...<\/p>\n\t\t\t\t\t\t\t<a href=\"https:\/\/workhub.pt\/en\/3-espacos-que-vale-a-pena-conhecer-no-braco-de-prata\/\" target=\"_self\"  class=\"qbutton  underlined\" style=\"\">Read More<span class=\"qode-underlined-button-span\" style=\"\"><\/span><\/a>\t\t\t\t\t\t<\/div>\n\t\t\t\t\t<\/div>\n\t\t\t\t\t\t\t\t\t<div class=\"qode-sbl-post\">\n\t\t\t\t\t\t<div class=\"qode-sbl-post-text\">\n\t\t\t\t\t\t\t<h6 class=\"qode-sbl-category\"><a href=\"https:\/\/workhub.pt\/en\/category\/workplace\/\" rel=\"category tag\">Workplace<\/a><\/h6>\n\t\t\t\t\t\t\t<h3 class=\"qode-sbl-post-title entry_title\" itemprop=\"name\">\n\t\t\t\t\t\t\t\t<a href=\"https:\/\/workhub.pt\/en\/coworking-spaces-the-ideal-solution-for-remote-workers\/\" itemprop=\"url\">Coworking Spaces: The Ideal Solution for Remote Workers<\/a>\n\t\t\t\t\t\t\t<\/h3>\n\t\t\t\t\t\t\t\t\t\t\t\t\t\t<p itemprop=\"description\" class=\"qode-sbl-post-excerpt\">With the rise of remote work, more and more professionals are opting to work from the comfort of their own homes. While this offers flexibility and co...<\/p>\n\t\t\t\t\t\t\t<a href=\"https:\/\/workhub.pt\/en\/coworking-spaces-the-ideal-solution-for-remote-workers\/\" target=\"_self\"  class=\"qbutton  underlined\" style=\"\">Read More<span class=\"qode-underlined-button-span\" style=\"\"><\/span><\/a>\t\t\t\t\t\t<\/div>\n\t\t\t\t\t<\/div>\n\t\t\t\t\t\t\t\t\t<div class=\"qode-sbl-post\">\n\t\t\t\t\t\t<div class=\"qode-sbl-post-text\">\n\t\t\t\t\t\t\t<h6 class=\"qode-sbl-category\"><a href=\"https:\/\/workhub.pt\/en\/category\/workspace\/\" rel=\"category tag\">Workspace<\/a><\/h6>\n\t\t\t\t\t\t\t<h3 class=\"qode-sbl-post-title entry_title\" itemprop=\"name\">\n\t\t\t\t\t\t\t\t<a href=\"https:\/\/workhub.pt\/en\/coworking-spaces-vs-traditional-offices-a-comparative-analysis\/\" itemprop=\"url\">Coworking Spaces vs Traditional Offices: A Comparative Analysis<\/a>\n\t\t\t\t\t\t\t<\/h3>\n\t\t\t\t\t\t\t\t\t\t\t\t\t\t<p itemprop=\"description\" class=\"qode-sbl-post-excerpt\">In recent years, coworking spaces have gained popularity as an alternative to traditional offices. These shared workspaces offer a flexible and collab...<\/p>\n\t\t\t\t\t\t\t<a href=\"https:\/\/workhub.pt\/en\/coworking-spaces-vs-traditional-offices-a-comparative-analysis\/\" target=\"_self\"  class=\"qbutton  underlined\" style=\"\">Read More<span class=\"qode-underlined-button-span\" style=\"\"><\/span><\/a>\t\t\t\t\t\t<\/div>\n\t\t\t\t\t<\/div>\n\t\t\t\t\t\t\t\t\t<div class=\"qode-sbl-post\">\n\t\t\t\t\t\t<div class=\"qode-sbl-post-text\">\n\t\t\t\t\t\t\t<h6 class=\"qode-sbl-category\"><a href=\"https:\/\/workhub.pt\/en\/category\/business\/\" rel=\"category tag\">Business<\/a><\/h6>\n\t\t\t\t\t\t\t<h3 class=\"qode-sbl-post-title entry_title\" itemprop=\"name\">\n\t\t\t\t\t\t\t\t<a href=\"https:\/\/workhub.pt\/en\/leveraging-coworking-spaces-for-business-growth-a-guide-for-entrepreneurs\/\" itemprop=\"url\">Leveraging Coworking Spaces for Business Growth: A Guide for Entrepreneurs<\/a>\n\t\t\t\t\t\t\t<\/h3>\n\t\t\t\t\t\t\t\t\t\t\t\t\t\t<p itemprop=\"description\" class=\"qode-sbl-post-excerpt\">As an entrepreneur, finding the right workspace for your business is crucial for growth and success. Coworking spaces for business growth have emerged...<\/p>\n\t\t\t\t\t\t\t<a href=\"https:\/\/workhub.pt\/en\/leveraging-coworking-spaces-for-business-growth-a-guide-for-entrepreneurs\/\" target=\"_self\"  class=\"qbutton  underlined\" style=\"\">Read More<span class=\"qode-underlined-button-span\" style=\"\"><\/span><\/a>\t\t\t\t\t\t<\/div>\n\t\t\t\t\t<\/div>\n\t\t\t\t\t\t\t\t\t<div class=\"qode-sbl-post\">\n\t\t\t\t\t\t<div class=\"qode-sbl-post-text\">\n\t\t\t\t\t\t\t<h6 class=\"qode-sbl-category\"><a href=\"https:\/\/workhub.pt\/en\/category\/coworking\/\" rel=\"category tag\">Coworking<\/a><\/h6>\n\t\t\t\t\t\t\t<h3 class=\"qode-sbl-post-title entry_title\" itemprop=\"name\">\n\t\t\t\t\t\t\t\t<a href=\"https:\/\/workhub.pt\/en\/como-decorar-o-escritorio-plantas-cores-e-muito-mais-2\/\" itemprop=\"url\">Como decorar o escrit\u00f3rio: plantas, cores e muito mais!<\/a>\n\t\t\t\t\t\t\t<\/h3>\n\t\t\t\t\t\t\t\t\t\t\t\t\t\t<p itemprop=\"description\" class=\"qode-sbl-post-excerpt\">Quando passamos a maior parte do nosso dia no escrit\u00f3rio, vale a pena criar um espa\u00e7o onde todos se sintam confort\u00e1veis. Para al\u00e9m de toda a \u201cpa...<\/p>\n\t\t\t\t\t\t\t<a href=\"https:\/\/workhub.pt\/en\/como-decorar-o-escritorio-plantas-cores-e-muito-mais-2\/\" target=\"_self\"  class=\"qbutton  underlined\" style=\"\">Read More<span class=\"qode-underlined-button-span\" style=\"\"><\/span><\/a>\t\t\t\t\t\t<\/div>\n\t\t\t\t\t<\/div>\n\t\t\t\t\t\t\t\t\t<div class=\"qode-sbl-post\">\n\t\t\t\t\t\t<div class=\"qode-sbl-post-text\">\n\t\t\t\t\t\t\t<h6 class=\"qode-sbl-category\"><a href=\"https:\/\/workhub.pt\/en\/category\/books\/\" rel=\"category tag\">Books<\/a><\/h6>\n\t\t\t\t\t\t\t<h3 class=\"qode-sbl-post-title entry_title\" itemprop=\"name\">\n\t\t\t\t\t\t\t\t<a href=\"https:\/\/workhub.pt\/en\/30-books-that-every-entrepreneur-should-read\/\" itemprop=\"url\">30 Books That Every Entrepreneur Should Read<\/a>\n\t\t\t\t\t\t\t<\/h3>\n\t\t\t\t\t\t\t\t\t\t\t\t\t\t<p itemprop=\"description\" class=\"qode-sbl-post-excerpt\">Being an entrepreneur is an exciting and challenging journey. Whether you&#8217;re just starting out or already have a thriving business, continuously...<\/p>\n\t\t\t\t\t\t\t<a href=\"https:\/\/workhub.pt\/en\/30-books-that-every-entrepreneur-should-read\/\" target=\"_self\"  class=\"qbutton  underlined\" style=\"\">Read More<span class=\"qode-underlined-button-span\" style=\"\"><\/span><\/a>\t\t\t\t\t\t<\/div>\n\t\t\t\t\t<\/div>\n\t\t\t\t\t\t\t\t\t<div class=\"qode-sbl-post\">\n\t\t\t\t\t\t<div class=\"qode-sbl-post-text\">\n\t\t\t\t\t\t\t<h6 class=\"qode-sbl-category\"><a href=\"https:\/\/workhub.pt\/en\/category\/coworking\/\" rel=\"category tag\">Coworking<\/a><\/h6>\n\t\t\t\t\t\t\t<h3 class=\"qode-sbl-post-title entry_title\" itemprop=\"name\">\n\t\t\t\t\t\t\t\t<a href=\"https:\/\/workhub.pt\/en\/advantages-of-coworking-spaces\/\" itemprop=\"url\">Advantages of coworking spaces<\/a>\n\t\t\t\t\t\t\t<\/h3>\n\t\t\t\t\t\t\t\t\t\t\t\t\t\t<p itemprop=\"description\" class=\"qode-sbl-post-excerpt\">There are several advantages of coworking spaces, including: Flexibility One of the biggest advantages of coworking spaces is the flexibility we offer...<\/p>\n\t\t\t\t\t\t\t<a href=\"https:\/\/workhub.pt\/en\/advantages-of-coworking-spaces\/\" target=\"_self\"  class=\"qbutton  underlined\" style=\"\">Read More<span class=\"qode-underlined-button-span\" style=\"\"><\/span><\/a>\t\t\t\t\t\t<\/div>\n\t\t\t\t\t<\/div>\n\t\t\t\t\t\t\t\t\t<div class=\"qode-sbl-post\">\n\t\t\t\t\t\t<div class=\"qode-sbl-post-text\">\n\t\t\t\t\t\t\t<h6 class=\"qode-sbl-category\"><a href=\"https:\/\/workhub.pt\/en\/category\/coworking\/\" rel=\"category tag\">Coworking<\/a>, <a href=\"https:\/\/workhub.pt\/en\/category\/remote\/\" rel=\"category tag\">Remote<\/a><\/h6>\n\t\t\t\t\t\t\t<h3 class=\"qode-sbl-post-title entry_title\" itemprop=\"name\">\n\t\t\t\t\t\t\t\t<a href=\"https:\/\/workhub.pt\/en\/trabalho-hibrido\/\" itemprop=\"url\">Benef\u00edcios do trabalho h\u00edbrido<\/a>\n\t\t\t\t\t\t\t<\/h3>\n\t\t\t\t\t\t\t\t\t\t\t\t\t\t<p itemprop=\"description\" class=\"qode-sbl-post-excerpt\">O trabalho h\u00edbrido \u00e9 uma abordagem que projeta a experi\u00eancia de trabalho em torno e para o trabalhador, onde quer que ele esteja. Este tipo de trab...<\/p>\n\t\t\t\t\t\t\t<a href=\"https:\/\/workhub.pt\/en\/trabalho-hibrido\/\" target=\"_self\"  class=\"qbutton  underlined\" style=\"\">Read More<span class=\"qode-underlined-button-span\" style=\"\"><\/span><\/a>\t\t\t\t\t\t<\/div>\n\t\t\t\t\t<\/div>\n\t\t\t\t\t\t\t\t\t<div class=\"qode-sbl-post\">\n\t\t\t\t\t\t<div class=\"qode-sbl-post-text\">\n\t\t\t\t\t\t\t<h6 class=\"qode-sbl-category\"><a href=\"https:\/\/workhub.pt\/en\/category\/coworking\/\" rel=\"category tag\">Coworking<\/a><\/h6>\n\t\t\t\t\t\t\t<h3 class=\"qode-sbl-post-title entry_title\" itemprop=\"name\">\n\t\t\t\t\t\t\t\t<a href=\"https:\/\/workhub.pt\/en\/dicas-infaliveis-para-manter-a-concentracao-em-espacos-de-cowork-e-nao-e-complicado\/\" itemprop=\"url\">Dicas infal\u00edveis para manter a concentra\u00e7\u00e3o em espa\u00e7os de cowork &#8211; e n\u00e3o \u00e9 complicado<\/a>\n\t\t\t\t\t\t\t<\/h3>\n\t\t\t\t\t\t\t\t\t\t\t\t\t\t<p itemprop=\"description\" class=\"qode-sbl-post-excerpt\">Existem v\u00e1rios motivos para trabalhar num espa\u00e7o de cowork. Independentemente de ser porque h\u00e1 uma necessidade de socializar, ver outras pessoas, o...<\/p>\n\t\t\t\t\t\t\t<a href=\"https:\/\/workhub.pt\/en\/dicas-infaliveis-para-manter-a-concentracao-em-espacos-de-cowork-e-nao-e-complicado\/\" target=\"_self\"  class=\"qbutton  underlined\" style=\"\">Read More<span class=\"qode-underlined-button-span\" style=\"\"><\/span><\/a>\t\t\t\t\t\t<\/div>\n\t\t\t\t\t<\/div>\n\t\t\t\t\t\t\t\t\t<div class=\"qode-sbl-post\">\n\t\t\t\t\t\t<div class=\"qode-sbl-post-text\">\n\t\t\t\t\t\t\t<h6 class=\"qode-sbl-category\"><a href=\"https:\/\/workhub.pt\/en\/category\/coworking\/\" rel=\"category tag\">Coworking<\/a><\/h6>\n\t\t\t\t\t\t\t<h3 class=\"qode-sbl-post-title entry_title\" itemprop=\"name\">\n\t\t\t\t\t\t\t\t<a href=\"https:\/\/workhub.pt\/en\/como-decorar-o-escritorio-plantas-cores-e-muito-mais\/\" itemprop=\"url\">Como decorar o escrit\u00f3rio: plantas, cores e muito mais!<\/a>\n\t\t\t\t\t\t\t<\/h3>\n\t\t\t\t\t\t\t\t\t\t\t\t\t\t<p itemprop=\"description\" class=\"qode-sbl-post-excerpt\">Quando passamos a maior parte do nosso dia no escrit\u00f3rio, vale a pena criar um espa\u00e7o onde todos se sintam confort\u00e1veis. Para al\u00e9m de toda a \u201cpa...<\/p>\n\t\t\t\t\t\t\t<a href=\"https:\/\/workhub.pt\/en\/como-decorar-o-escritorio-plantas-cores-e-muito-mais\/\" target=\"_self\"  class=\"qbutton  underlined\" style=\"\">Read More<span class=\"qode-underlined-button-span\" style=\"\"><\/span><\/a>\t\t\t\t\t\t<\/div>\n\t\t\t\t\t<\/div>\n\t\t\t\t\t\t\t\t\t<div class=\"qode-sbl-post\">\n\t\t\t\t\t\t<div class=\"qode-sbl-post-text\">\n\t\t\t\t\t\t\t<h6 class=\"qode-sbl-category\"><a href=\"https:\/\/workhub.pt\/en\/category\/coworking\/\" rel=\"category tag\">Coworking<\/a><\/h6>\n\t\t\t\t\t\t\t<h3 class=\"qode-sbl-post-title entry_title\" itemprop=\"name\">\n\t\t\t\t\t\t\t\t<a href=\"https:\/\/workhub.pt\/en\/10-dicas-para-seres-mais-produtivo-no-trabalho\/\" itemprop=\"url\">10 truques para seres mais produtivo no trabalho\u00a0<\/a>\n\t\t\t\t\t\t\t<\/h3>\n\t\t\t\t\t\t\t\t\t\t\t\t\t\t<p itemprop=\"description\" class=\"qode-sbl-post-excerpt\">Quando pensamos em \u201cProdutividade no Trabalho\u201d, todos (ou quase todos) associamos a algu\u00e9m que \u00e9 eficiente e r\u00e1pido a produzir o que quer que s...<\/p>\n\t\t\t\t\t\t\t<a href=\"https:\/\/workhub.pt\/en\/10-dicas-para-seres-mais-produtivo-no-trabalho\/\" target=\"_self\"  class=\"qbutton  underlined\" style=\"\">Read More<span class=\"qode-underlined-button-span\" style=\"\"><\/span><\/a>\t\t\t\t\t\t<\/div>\n\t\t\t\t\t<\/div>\n\t\t\t\t\t\t\t\t\t<div class=\"qode-sbl-post\">\n\t\t\t\t\t\t<div class=\"qode-sbl-post-text\">\n\t\t\t\t\t\t\t<h6 class=\"qode-sbl-category\"><a href=\"https:\/\/workhub.pt\/en\/category\/coworking\/\" rel=\"category tag\">Coworking<\/a><\/h6>\n\t\t\t\t\t\t\t<h3 class=\"qode-sbl-post-title entry_title\" itemprop=\"name\">\n\t\t\t\t\t\t\t\t<a href=\"https:\/\/workhub.pt\/en\/mito-ou-realidade-os-espacos-de-cowork-sao-uma-alternativa-para-trabalhar-remoto\/\" itemprop=\"url\">Mito ou Realidade: Os espa\u00e7os de cowork s\u00e3o uma alternativa para trabalhar remoto?<\/a>\n\t\t\t\t\t\t\t<\/h3>\n\t\t\t\t\t\t\t\t\t\t\t\t\t\t<p itemprop=\"description\" class=\"qode-sbl-post-excerpt\">Dois anos depois de o mundo se ter visto a bra\u00e7os com uma pandemia, a normalidade como a conhec\u00edamos parece estar a voltar. Muitas empresas est\u00e3o a...<\/p>\n\t\t\t\t\t\t\t<a href=\"https:\/\/workhub.pt\/en\/mito-ou-realidade-os-espacos-de-cowork-sao-uma-alternativa-para-trabalhar-remoto\/\" target=\"_self\"  class=\"qbutton  underlined\" style=\"\">Read More<span class=\"qode-underlined-button-span\" style=\"\"><\/span><\/a>\t\t\t\t\t\t<\/div>\n\t\t\t\t\t<\/div>\n\t\t\t\t\t\t\t\t\t<div class=\"qode-sbl-post\">\n\t\t\t\t\t\t<div class=\"qode-sbl-post-text\">\n\t\t\t\t\t\t\t<h6 class=\"qode-sbl-category\"><a href=\"https:\/\/workhub.pt\/en\/category\/coworking\/\" rel=\"category tag\">Coworking<\/a><\/h6>\n\t\t\t\t\t\t\t<h3 class=\"qode-sbl-post-title entry_title\" itemprop=\"name\">\n\t\t\t\t\t\t\t\t<a href=\"https:\/\/workhub.pt\/en\/queres-ser-empreendedor-comeca-ja-com-as-nossas-sugestoes-de-leitura\/\" itemprop=\"url\">Queres ser empreendedor? Come\u00e7a j\u00e1 com as nossas sugest\u00f5es de leitura<\/a>\n\t\t\t\t\t\t\t<\/h3>\n\t\t\t\t\t\t\t\t\t\t\t\t\t\t<p itemprop=\"description\" class=\"qode-sbl-post-excerpt\">Come\u00e7ar o pr\u00f3prio neg\u00f3cio \u00e9 o sonho para muitos. Quantos n\u00e3o querem tornar-se independentes e ter flexibilidade para criar as suas pr\u00f3prias roti...<\/p>\n\t\t\t\t\t\t\t<a href=\"https:\/\/workhub.pt\/en\/queres-ser-empreendedor-comeca-ja-com-as-nossas-sugestoes-de-leitura\/\" target=\"_self\"  class=\"qbutton  underlined\" style=\"\">Read More<span class=\"qode-underlined-button-span\" style=\"\"><\/span><\/a>\t\t\t\t\t\t<\/div>\n\t\t\t\t\t<\/div>\n\t\t\t\t\t\t\t\t\t<div class=\"qode-sbl-post\">\n\t\t\t\t\t\t<div class=\"qode-sbl-post-text\">\n\t\t\t\t\t\t\t<h6 class=\"qode-sbl-category\"><a href=\"https:\/\/workhub.pt\/en\/category\/coworking\/\" rel=\"category tag\">Coworking<\/a>, <a href=\"https:\/\/workhub.pt\/en\/category\/remote\/\" rel=\"category tag\">Remote<\/a><\/h6>\n\t\t\t\t\t\t\t<h3 class=\"qode-sbl-post-title entry_title\" itemprop=\"name\">\n\t\t\t\t\t\t\t\t<a href=\"https:\/\/workhub.pt\/en\/coworking-o-futuro-dos-espacos-de-trabalho\/\" itemprop=\"url\">O futuro dos espa\u00e7os de trabalho<\/a>\n\t\t\t\t\t\t\t<\/h3>\n\t\t\t\t\t\t\t\t\t\t\t\t\t\t<p itemprop=\"description\" class=\"qode-sbl-post-excerpt\">A pandemia trouxe consigo novos desafios na organiza\u00e7\u00e3o do trabalho. Os espa\u00e7os de coworking vieram responder \u00e0s novas exig\u00eancias de trabalhadore...<\/p>\n\t\t\t\t\t\t\t<a href=\"https:\/\/workhub.pt\/en\/coworking-o-futuro-dos-espacos-de-trabalho\/\" target=\"_self\"  class=\"qbutton  underlined\" style=\"\">Read More<span class=\"qode-underlined-button-span\" style=\"\"><\/span><\/a>\t\t\t\t\t\t<\/div>\n\t\t\t\t\t<\/div>\n\t\t\t\t\t\t\t\t\t<div class=\"qode-sbl-post\">\n\t\t\t\t\t\t<div class=\"qode-sbl-post-text\">\n\t\t\t\t\t\t\t<h6 class=\"qode-sbl-category\"><a href=\"https:\/\/workhub.pt\/en\/category\/coworking\/\" rel=\"category tag\">Coworking<\/a>, <a href=\"https:\/\/workhub.pt\/en\/category\/remote\/\" rel=\"category tag\">Remote<\/a><\/h6>\n\t\t\t\t\t\t\t<h3 class=\"qode-sbl-post-title entry_title\" itemprop=\"name\">\n\t\t\t\t\t\t\t\t<a href=\"https:\/\/workhub.pt\/en\/objectivo-pos-covid-qualidade-de-vida\/\" itemprop=\"url\">Objectivo p\u00f3s-covid: qualidade de vida!<\/a>\n\t\t\t\t\t\t\t<\/h3>\n\t\t\t\t\t\t\t\t\t\t\t\t\t\t<p itemprop=\"description\" class=\"qode-sbl-post-excerpt\">A pandemia do covid-19 veio demonstrar que as empresas n\u00e3o precisam de ter todos os seus colaboradores debaixo do mesmo tecto para funcionar. Gra\u00e7as...<\/p>\n\t\t\t\t\t\t\t<a href=\"https:\/\/workhub.pt\/en\/objectivo-pos-covid-qualidade-de-vida\/\" target=\"_self\"  class=\"qbutton  underlined\" style=\"\">Read More<span class=\"qode-underlined-button-span\" style=\"\"><\/span><\/a>\t\t\t\t\t\t<\/div>\n\t\t\t\t\t<\/div>\n\t\t\t\t\t\t\t\t\t<div class=\"qode-sbl-post\">\n\t\t\t\t\t\t<div class=\"qode-sbl-post-text\">\n\t\t\t\t\t\t\t<h6 class=\"qode-sbl-category\"><a href=\"https:\/\/workhub.pt\/en\/category\/residents\/\" rel=\"category tag\">Residents<\/a><\/h6>\n\t\t\t\t\t\t\t<h3 class=\"qode-sbl-post-title entry_title\" itemprop=\"name\">\n\t\t\t\t\t\t\t\t<a href=\"https:\/\/workhub.pt\/en\/conhece-os-residentes-padelbox\/\" itemprop=\"url\">Conhece os residentes: PadelBox<\/a>\n\t\t\t\t\t\t\t<\/h3>\n\t\t\t\t\t\t\t\t\t\t\t\t\t\t<p itemprop=\"description\" class=\"qode-sbl-post-excerpt\">Criada em 2014, a&nbsp;PadelBox&nbsp;\u00e9 uma jovem empresa que quer fazer a diferen\u00e7a no padel portugu\u00eas. Residente no Lisbon WorkHub desde 2017, est...<\/p>\n\t\t\t\t\t\t\t<a href=\"https:\/\/workhub.pt\/en\/conhece-os-residentes-padelbox\/\" target=\"_self\"  class=\"qbutton  underlined\" style=\"\">Read More<span class=\"qode-underlined-button-span\" style=\"\"><\/span><\/a>\t\t\t\t\t\t<\/div>\n\t\t\t\t\t<\/div>\n\t\t\t\t\t\t\t\t\t<div class=\"qode-sbl-post\">\n\t\t\t\t\t\t<div class=\"qode-sbl-post-text\">\n\t\t\t\t\t\t\t<h6 class=\"qode-sbl-category\"><a href=\"https:\/\/workhub.pt\/en\/category\/marvila\/\" rel=\"category tag\">Marvila<\/a><\/h6>\n\t\t\t\t\t\t\t<h3 class=\"qode-sbl-post-title entry_title\" itemprop=\"name\">\n\t\t\t\t\t\t\t\t<a href=\"https:\/\/workhub.pt\/en\/ja-abriu-o-parque-ribeirinho-oriente\/\" itemprop=\"url\">J\u00e1 abriu o Parque Ribeirinho Oriente<\/a>\n\t\t\t\t\t\t\t<\/h3>\n\t\t\t\t\t\t\t\t\t\t\t\t\t\t<p itemprop=\"description\" class=\"qode-sbl-post-excerpt\">Entre o edif\u00edcio Sociedade Abel Pereira da Fonseca &#8211; onde estamos inseridos &#8211; e o rio Tejo, nasceu o Parque Ribeirinho Oriente, um jardim...<\/p>\n\t\t\t\t\t\t\t<a href=\"https:\/\/workhub.pt\/en\/ja-abriu-o-parque-ribeirinho-oriente\/\" target=\"_self\"  class=\"qbutton  underlined\" style=\"\">Read More<span class=\"qode-underlined-button-span\" style=\"\"><\/span><\/a>\t\t\t\t\t\t<\/div>\n\t\t\t\t\t<\/div>\n\t\t\t\t\t\t\t\t\t<div class=\"qode-sbl-post\">\n\t\t\t\t\t\t<div class=\"qode-sbl-post-text\">\n\t\t\t\t\t\t\t<h6 class=\"qode-sbl-category\"><a href=\"https:\/\/workhub.pt\/en\/category\/marvila\/\" rel=\"category tag\">Marvila<\/a>, <a href=\"https:\/\/workhub.pt\/en\/category\/residents\/\" rel=\"category tag\">Residents<\/a><\/h6>\n\t\t\t\t\t\t\t<h3 class=\"qode-sbl-post-title entry_title\" itemprop=\"name\">\n\t\t\t\t\t\t\t\t<a href=\"https:\/\/workhub.pt\/en\/adegga-wine-market-volta-a-marvila\/\" itemprop=\"url\">Adegga Wine Market volta a Marvila<\/a>\n\t\t\t\t\t\t\t<\/h3>\n\t\t\t\t\t\t\t\t\t\t\t\t\t\t<p itemprop=\"description\" class=\"qode-sbl-post-excerpt\">O Adegga Wine Market volta a Marvila no dia 30 de novembro, reunindo mais uma vez 70 produtores, 500 vinhos e 6 Chefs para mais um evento dedicado aos...<\/p>\n\t\t\t\t\t\t\t<a href=\"https:\/\/workhub.pt\/en\/adegga-wine-market-volta-a-marvila\/\" target=\"_self\"  class=\"qbutton  underlined\" style=\"\">Read More<span class=\"qode-underlined-button-span\" style=\"\"><\/span><\/a>\t\t\t\t\t\t<\/div>\n\t\t\t\t\t<\/div>\n\t\t\t\t\t\t\t\t\t<div class=\"qode-sbl-post\">\n\t\t\t\t\t\t<div class=\"qode-sbl-post-text\">\n\t\t\t\t\t\t\t<h6 class=\"qode-sbl-category\"><a href=\"https:\/\/workhub.pt\/en\/category\/coworking\/\" rel=\"category tag\">Coworking<\/a><\/h6>\n\t\t\t\t\t\t\t<h3 class=\"qode-sbl-post-title entry_title\" itemprop=\"name\">\n\t\t\t\t\t\t\t\t<a href=\"https:\/\/workhub.pt\/en\/3-coisas-imprescindiveis-para-construires-a-tua-marca\/\" itemprop=\"url\">3 coisas imprescind\u00edveis para constru\u00edres a tua marca<\/a>\n\t\t\t\t\t\t\t<\/h3>\n\t\t\t\t\t\t\t\t\t\t\t\t\t\t<p itemprop=\"description\" class=\"qode-sbl-post-excerpt\">1. IDENTIDADE VISUAL A identidade visual \u00e9 aquilo que distingue a tua marca ou empresa de todas as outras. \u00c9 o nome que damos ao conjunto de element...<\/p>\n\t\t\t\t\t\t\t<a href=\"https:\/\/workhub.pt\/en\/3-coisas-imprescindiveis-para-construires-a-tua-marca\/\" target=\"_self\"  class=\"qbutton  underlined\" style=\"\">Read More<span class=\"qode-underlined-button-span\" style=\"\"><\/span><\/a>\t\t\t\t\t\t<\/div>\n\t\t\t\t\t<\/div>\n\t\t\t\t\t\t\t<\/div>\n\t\t<\/div>\n\t<\/div>\t\t\t\t<\/div>\n\t\t\t\t<\/div>\n\t\t\t\t\t<\/div>\n\t\t<\/div>\n\t\t\t\t\t<\/div>\n\t\t<\/section>\n\t\t\t\t<\/div>","protected":false},"excerpt":{"rendered":"<p>Coworking Como decorar o escrit\u00f3rio: plantas, cores e muito mais! Quando passamos a maior parte do nosso dia no escrit\u00f3rio, vale a pena criar um espa\u00e7o onde todos se sintam confort\u00e1veis. Para al\u00e9m de toda a \u201cpa&#8230; Read More Workplace Coworking Spaces: The Ideal Solution for Remote Workers With the&#8230;<\/p>","protected":false},"author":1,"featured_media":22921,"parent":0,"menu_order":0,"comment_status":"closed","ping_status":"closed","template":"elementor_theme","meta":{"content-type":"","_sitemap_exclude":false,"_sitemap_priority":"","_sitemap_frequency":"","footnotes":""},"class_list":["post-29023","page","type-page","status-publish","has-post-thumbnail","hentry"],"aioseo_notices":[],"_links":{"self":[{"href":"https:\/\/workhub.pt\/en\/wp-json\/wp\/v2\/pages\/29023","targetHints":{"allow":["GET"]}}],"collection":[{"href":"https:\/\/workhub.pt\/en\/wp-json\/wp\/v2\/pages"}],"about":[{"href":"https:\/\/workhub.pt\/en\/wp-json\/wp\/v2\/types\/page"}],"author":[{"embeddable":true,"href":"https:\/\/workhub.pt\/en\/wp-json\/wp\/v2\/users\/1"}],"replies":[{"embeddable":true,"href":"https:\/\/workhub.pt\/en\/wp-json\/wp\/v2\/comments?post=29023"}],"version-history":[{"count":38,"href":"https:\/\/workhub.pt\/en\/wp-json\/wp\/v2\/pages\/29023\/revisions"}],"predecessor-version":[{"id":271907,"href":"https:\/\/workhub.pt\/en\/wp-json\/wp\/v2\/pages\/29023\/revisions\/271907"}],"wp:featuredmedia":[{"embeddable":true,"href":"https:\/\/workhub.pt\/en\/wp-json\/wp\/v2\/media\/22921"}],"wp:attachment":[{"href":"https:\/\/workhub.pt\/en\/wp-json\/wp\/v2\/media?parent=29023"}],"curies":[{"name":"wp","href":"https:\/\/api.w.org\/{rel}","templated":true}]}}