{"id":272359,"date":"2024-11-26T17:34:33","date_gmt":"2024-11-26T17:34:33","guid":{"rendered":"https:\/\/workhub.pt\/?page_id=272359"},"modified":"2025-08-02T14:38:28","modified_gmt":"2025-08-02T14:38:28","slug":"cookie","status":"publish","type":"page","link":"https:\/\/workhub.pt\/en\/cookie\/","title":{"rendered":"Cookie Policy"},"content":{"rendered":"<div data-elementor-type=\"wp-page\" data-elementor-id=\"272359\" class=\"elementor elementor-272359\">\n\t\t\t\t\t\t<section class=\"elementor-section elementor-top-section elementor-element elementor-element-8665673 elementor-section-boxed elementor-section-height-default elementor-section-height-default parallax_section_no qode_elementor_container_no qode-content-aligment-left\" data-id=\"8665673\" data-element_type=\"section\" data-e-type=\"section\">\n\t\t\t\t\t\t<div class=\"elementor-container elementor-column-gap-default\">\n\t\t\t\t\t<div class=\"elementor-column elementor-col-100 elementor-top-column elementor-element elementor-element-465d52b\" data-id=\"465d52b\" data-element_type=\"column\" data-e-type=\"column\">\n\t\t\t<div class=\"elementor-widget-wrap elementor-element-populated\">\n\t\t\t\t\t\t<div class=\"elementor-element elementor-element-23e25b4 elementor-widget__width-initial elementor-widget elementor-widget-text-editor\" data-id=\"23e25b4\" data-element_type=\"widget\" data-e-type=\"widget\" data-widget_type=\"text-editor.default\">\n\t\t\t\t<div class=\"elementor-widget-container\">\n\t\t\t\t\t\t\t\t\t<h1 data-pm-slice=\"1 1 []\">Pol\u00edtica de Cookies do WorkHub<\/h1><p>\u00a0<\/p><h3>O que s\u00e3o Cookies?<\/h3><p>Cookies s\u00e3o pequenos arquivos de texto armazenados no seu dispositivo (computador, smartphone, tablet) quando voc\u00ea visita um site. Eles ajudam a melhorar sua experi\u00eancia, permitindo funcionalidades essenciais, personaliza\u00e7\u00e3o de conte\u00fado e coleta de dados anal\u00edticos para melhorar nossos servi\u00e7os.<\/p><p>\u00a0<\/p><h3>Como usamos Cookies no WorkHub.pt?<\/h3><p>No WorkHub, utilizamos cookies para:<\/p><ul data-spread=\"false\"><li><p>Garantir o funcionamento adequado do site.<\/p><\/li><li><p>Melhorar a experi\u00eancia do usu\u00e1rio.<\/p><\/li><li><p>Personalizar conte\u00fado com base nas prefer\u00eancias do usu\u00e1rio.<\/p><\/li><li><p>Analisar o tr\u00e1fego do site para otimizar nossas ofertas.<\/p><\/li><\/ul><p>\u00a0<\/p><h3>Categorias de Cookies Utilizados<\/h3><p>\u00a0<\/p><p><strong>Cookies Estritamente Necess\u00e1rios<\/strong><\/p><p>Estes cookies s\u00e3o essenciais para que o site funcione corretamente. Eles permitem funcionalidades b\u00e1sicas como seguran\u00e7a, gerenciamento de rede e acessibilidade. Sem eles, partes do site podem n\u00e3o funcionar corretamente.<\/p><p>Exemplo de Cookies:<\/p><ul data-spread=\"false\"><li><p>Cookies que mant\u00eam sua sess\u00e3o ativa enquanto voc\u00ea navega pelo site.<\/p><\/li><li><p>Cookies usados para lembrar as configura\u00e7\u00f5es de privacidade escolhidas.<\/p><\/li><\/ul><p>\u00a0<\/p><p><strong>Cookies de Desempenho e Anal\u00edticos<\/strong><\/p><p>Usamos cookies anal\u00edticos para entender como os visitantes interagem com o site. Isso nos ajuda a medir o desempenho do site e identificar \u00e1reas de melhoria. As informa\u00e7\u00f5es coletadas s\u00e3o an\u00f4nimas e usadas exclusivamente para fins estat\u00edsticos.<\/p><p>Exemplo de Cookies (via HubSpot):<\/p><ul data-spread=\"false\"><li><p>_hstc: usado para rastrear visitantes.<\/p><\/li><li><p>hubspotutk: rastreia a identidade de um visitante.<\/p><\/li><li><p>__hssc: registra sess\u00f5es de navega\u00e7\u00e3o.<\/p><\/li><\/ul><p>\u00a0<\/p><p><strong>Cookies de Funcionalidade<\/strong><\/p><p>Esses cookies permitem que o site lembre suas escolhas (como idioma ou localiza\u00e7\u00e3o) e forne\u00e7a recursos avan\u00e7ados e mais personalizados.<\/p><p>Exemplo de Cookies (via HubSpot):<\/p><ul data-spread=\"false\"><li><p>__cf_bm: melhora a funcionalidade e seguran\u00e7a do site.<\/p><\/li><\/ul><p>\u00a0<\/p><p><strong>Cookies de Publicidade e Marketing<\/strong><\/p><p>Esses cookies s\u00e3o usados para personalizar an\u00fancios com base em suas intera\u00e7\u00f5es anteriores com nosso site e para medir a efic\u00e1cia de campanhas publicit\u00e1rias. Podem ser configurados por n\u00f3s ou por nossos parceiros publicit\u00e1rios.<\/p><p>Exemplo de Cookies (via HubSpot):<\/p><ul data-spread=\"false\"><li><p>__ptq.gif: coleta informa\u00e7\u00f5es sobre o comportamento do visitante em diferentes sites.<\/p><\/li><\/ul><p>\u00a0<\/p><p><strong>Como Gerenciar ou Desativar Cookies<\/strong><\/p><p>Voc\u00ea pode gerenciar suas prefer\u00eancias de cookies a qualquer momento:<\/p><ul data-spread=\"false\"><li><p>Atrav\u00e9s da ferramenta de gerenciamento de cookies disponibilizada em nosso site.<\/p><\/li><li><p>Ajustando as configura\u00e7\u00f5es do seu navegador para aceitar, bloquear ou excluir cookies.<\/p><\/li><\/ul><p>Lembre-se, desativar cookies pode afetar a funcionalidade do site e sua experi\u00eancia como usu\u00e1rio.<\/p><p>\u00a0<\/p><p><strong>Altera\u00e7\u00f5es a esta Pol\u00edtica<\/strong><\/p><p>Podemos atualizar esta Pol\u00edtica de Cookies periodicamente para refletir mudan\u00e7as em nossas pr\u00e1ticas ou por motivos legais e regulat\u00f3rios. Recomendamos que voc\u00ea revise esta p\u00e1gina regularmente para estar sempre informado.<\/p><p>\u00a0<\/p><p><strong>Entre em Contato<\/strong><\/p><p>Se tiver d\u00favidas sobre nossa Pol\u00edtica de Cookies, entre em contato conosco pelo e-mail: <span style=\"font-weight: normal;\"><a>lisbon@workhub.pt<\/a>.<\/span><\/p>\t\t\t\t\t\t\t\t<\/div>\n\t\t\t\t<\/div>\n\t\t\t\t\t<\/div>\n\t\t<\/div>\n\t\t\t\t\t<\/div>\n\t\t<\/section>\n\t\t\t\t<\/div>","protected":false},"excerpt":{"rendered":"<p>Pol\u00edtica de Cookies do WorkHub \u00a0 O que s\u00e3o Cookies? Cookies s\u00e3o pequenos arquivos de texto armazenados no seu dispositivo (computador, smartphone, tablet) quando voc\u00ea visita um site. Eles ajudam a melhorar sua experi\u00eancia, permitindo funcionalidades essenciais, personaliza\u00e7\u00e3o de conte\u00fado e coleta de dados anal\u00edticos para melhorar nossos servi\u00e7os. \u00a0&#8230;<\/p>","protected":false},"author":1,"featured_media":0,"parent":0,"menu_order":0,"comment_status":"closed","ping_status":"closed","template":"","meta":{"content-type":"","_sitemap_exclude":false,"_sitemap_priority":"","_sitemap_frequency":"","footnotes":""},"class_list":["post-272359","page","type-page","status-publish","hentry"],"aioseo_notices":[],"_links":{"self":[{"href":"https:\/\/workhub.pt\/en\/wp-json\/wp\/v2\/pages\/272359","targetHints":{"allow":["GET"]}}],"collection":[{"href":"https:\/\/workhub.pt\/en\/wp-json\/wp\/v2\/pages"}],"about":[{"href":"https:\/\/workhub.pt\/en\/wp-json\/wp\/v2\/types\/page"}],"author":[{"embeddable":true,"href":"https:\/\/workhub.pt\/en\/wp-json\/wp\/v2\/users\/1"}],"replies":[{"embeddable":true,"href":"https:\/\/workhub.pt\/en\/wp-json\/wp\/v2\/comments?post=272359"}],"version-history":[{"count":8,"href":"https:\/\/workhub.pt\/en\/wp-json\/wp\/v2\/pages\/272359\/revisions"}],"predecessor-version":[{"id":272787,"href":"https:\/\/workhub.pt\/en\/wp-json\/wp\/v2\/pages\/272359\/revisions\/272787"}],"wp:attachment":[{"href":"https:\/\/workhub.pt\/en\/wp-json\/wp\/v2\/media?parent=272359"}],"curies":[{"name":"wp","href":"https:\/\/api.w.org\/{rel}","templated":true}]}}