{"id":271488,"date":"2024-08-23T20:15:44","date_gmt":"2024-08-23T20:15:44","guid":{"rendered":"https:\/\/workhub.pt\/?page_id=271488"},"modified":"2025-08-02T12:23:25","modified_gmt":"2025-08-02T12:23:25","slug":"ondemand","status":"publish","type":"page","link":"https:\/\/workhub.pt\/en\/ondemand\/","title":{"rendered":"Servi\u00e7os on demand"},"content":{"rendered":"<div data-elementor-type=\"wp-page\" data-elementor-id=\"271488\" class=\"elementor elementor-271488\">\n\t\t\t\t\t\t<section class=\"elementor-section elementor-top-section elementor-element elementor-element-1c34288f elementor-section-stretched elementor-section-full_width elementor-section-height-default elementor-section-height-default parallax_section_no qode_elementor_container_no qode-content-aligment-left\" data-id=\"1c34288f\" data-element_type=\"section\" data-e-type=\"section\" data-settings=\"{&quot;stretch_section&quot;:&quot;section-stretched&quot;,&quot;background_background&quot;:&quot;classic&quot;}\">\n\t\t\t\t\t\t<div class=\"elementor-container elementor-column-gap-default\">\n\t\t\t\t\t<div class=\"elementor-column elementor-col-100 elementor-top-column elementor-element elementor-element-24d8eac3\" data-id=\"24d8eac3\" data-element_type=\"column\" data-e-type=\"column\">\n\t\t\t<div class=\"elementor-widget-wrap elementor-element-populated\">\n\t\t\t\t\t\t<section class=\"elementor-section elementor-inner-section elementor-element elementor-element-68a474bc elementor-section-full_width elementor-section-height-default elementor-section-height-default parallax_section_no qode_elementor_container_no qode-content-aligment-left\" data-id=\"68a474bc\" data-element_type=\"section\" data-e-type=\"section\">\n\t\t\t\t\t\t<div class=\"elementor-container elementor-column-gap-default\">\n\t\t\t\t\t<div class=\"elementor-column elementor-col-50 elementor-inner-column elementor-element elementor-element-5b445ee\" data-id=\"5b445ee\" data-element_type=\"column\" data-e-type=\"column\">\n\t\t\t<div class=\"elementor-widget-wrap elementor-element-populated\">\n\t\t\t\t\t\t<div class=\"elementor-element elementor-element-46fe4671 elementor-widget elementor-widget-heading\" data-id=\"46fe4671\" data-element_type=\"widget\" data-e-type=\"widget\" data-widget_type=\"heading.default\">\n\t\t\t\t<div class=\"elementor-widget-container\">\n\t\t\t\t\t<h1 class=\"elementor-heading-title elementor-size-default\">ON DEMAND SERVICES<\/h1>\t\t\t\t<\/div>\n\t\t\t\t<\/div>\n\t\t\t\t<div class=\"elementor-element elementor-element-3b55b44 elementor-widget elementor-widget-text-editor\" data-id=\"3b55b44\" data-element_type=\"widget\" data-e-type=\"widget\" data-widget_type=\"text-editor.default\">\n\t\t\t\t<div class=\"elementor-widget-container\">\n\t\t\t\t\t\t\t\t\t<p><span style=\"letter-spacing: var( --e-global-typography-cad1cd6-letter-spacing );\">Whether you're a freelancer, work remotely, or simply need a quiet place to focus, our spaces are designed to increase productivity and inspire creativity. <\/span><a style=\"letter-spacing: var( --e-global-typography-cad1cd6-letter-spacing );\" href=\"https:\/\/workhub.pt\/en\/contacto\/\">Contact us<\/a><\/p>\t\t\t\t\t\t\t\t<\/div>\n\t\t\t\t<\/div>\n\t\t\t\t\t<\/div>\n\t\t<\/div>\n\t\t\t\t<div class=\"elementor-column elementor-col-50 elementor-inner-column elementor-element elementor-element-45646cfd\" data-id=\"45646cfd\" data-element_type=\"column\" data-e-type=\"column\">\n\t\t\t<div class=\"elementor-widget-wrap elementor-element-populated\">\n\t\t\t\t\t\t<div class=\"elementor-element elementor-element-242abe8 elementor-widget__width-initial elementor-widget elementor-widget-image\" data-id=\"242abe8\" data-element_type=\"widget\" data-e-type=\"widget\" data-widget_type=\"image.default\">\n\t\t\t\t<div class=\"elementor-widget-container\">\n\t\t\t\t\t\t\t\t\t\t\t\t\t\t\t<img fetchpriority=\"high\" decoding=\"async\" width=\"2048\" height=\"1024\" src=\"https:\/\/workhub.pt\/wp-content\/uploads\/2024\/11\/Pag_-21-2048x1024.webp\" class=\"attachment-2048x2048 size-2048x2048 wp-image-272389\" alt=\"Pag 21\" srcset=\"https:\/\/workhub.pt\/wp-content\/uploads\/2024\/11\/Pag_-21-2048x1024.webp 2048w, https:\/\/workhub.pt\/wp-content\/uploads\/2024\/11\/Pag_-21-500x250.webp 500w, https:\/\/workhub.pt\/wp-content\/uploads\/2024\/11\/Pag_-21-1024x512.webp 1024w, https:\/\/workhub.pt\/wp-content\/uploads\/2024\/11\/Pag_-21-768x384.webp 768w, https:\/\/workhub.pt\/wp-content\/uploads\/2024\/11\/Pag_-21-1536x768.webp 1536w, https:\/\/workhub.pt\/wp-content\/uploads\/2024\/11\/Pag_-21-18x9.webp 18w, https:\/\/workhub.pt\/wp-content\/uploads\/2024\/11\/Pag_-21-1000x500.webp 1000w, https:\/\/workhub.pt\/wp-content\/uploads\/2024\/11\/Pag_-21-700x350.webp 700w, https:\/\/workhub.pt\/wp-content\/uploads\/2024\/11\/Pag_-21-1100x550.webp 1100w, https:\/\/workhub.pt\/wp-content\/uploads\/2024\/11\/Pag_-21-1300x650.webp 1300w\" sizes=\"(max-width: 2048px) 100vw, 2048px\" \/>\t\t\t\t\t\t\t\t\t\t\t\t\t\t\t<\/div>\n\t\t\t\t<\/div>\n\t\t\t\t\t<\/div>\n\t\t<\/div>\n\t\t\t\t\t<\/div>\n\t\t<\/section>\n\t\t\t\t\t<\/div>\n\t\t<\/div>\n\t\t\t\t\t<\/div>\n\t\t<\/section>\n\t\t\t\t<section class=\"elementor-section elementor-top-section elementor-element elementor-element-5a365c5f elementor-section-full_width elementor-section-stretched elementor-section-height-default elementor-section-height-default parallax_section_no qode_elementor_container_no qode-content-aligment-left\" data-id=\"5a365c5f\" data-element_type=\"section\" data-e-type=\"section\" data-settings=\"{&quot;stretch_section&quot;:&quot;section-stretched&quot;}\">\n\t\t\t\t\t\t<div class=\"elementor-container elementor-column-gap-default\">\n\t\t\t\t\t<div class=\"elementor-column elementor-col-100 elementor-top-column elementor-element elementor-element-621a37bc\" data-id=\"621a37bc\" data-element_type=\"column\" data-e-type=\"column\">\n\t\t\t<div class=\"elementor-widget-wrap elementor-element-populated\">\n\t\t\t\t\t\t<div class=\"elementor-element elementor-element-36e6a21 elementor-widget elementor-widget-text-editor\" data-id=\"36e6a21\" data-element_type=\"widget\" data-e-type=\"widget\" data-widget_type=\"text-editor.default\">\n\t\t\t\t<div class=\"elementor-widget-container\">\n\t\t\t\t\t\t\t\t\t<h5>Precisas de um espa\u00e7o de trabalho a qualquer momento?<\/h5><p>Os nossos servi\u00e7os de <strong>coworking \u00e0 hora<\/strong> oferecem solu\u00e7\u00f5es flex\u00edveis para todas as necessidades. De mesas partilhadas, a salas de reuni\u00f5es privadas e cabines telef\u00f3nicas, temos tudo o que precisas para um dia produtivo.<\/p>\t\t\t\t\t\t\t\t<\/div>\n\t\t\t\t<\/div>\n\t\t\t\t<section class=\"elementor-section elementor-inner-section elementor-element elementor-element-724f504b elementor-section-boxed elementor-section-height-default elementor-section-height-default parallax_section_no qode_elementor_container_no qode-content-aligment-left\" data-id=\"724f504b\" data-element_type=\"section\" data-e-type=\"section\">\n\t\t\t\t\t\t<div class=\"elementor-container elementor-column-gap-default\">\n\t\t\t\t\t<div class=\"elementor-column elementor-col-25 elementor-inner-column elementor-element elementor-element-2b5d4c10\" data-id=\"2b5d4c10\" data-element_type=\"column\" data-e-type=\"column\">\n\t\t\t<div class=\"elementor-widget-wrap elementor-element-populated\">\n\t\t\t\t\t\t<div class=\"elementor-element elementor-element-3c1e511b elementor-widget elementor-widget-heading\" data-id=\"3c1e511b\" data-element_type=\"widget\" data-e-type=\"widget\" data-widget_type=\"heading.default\">\n\t\t\t\t<div class=\"elementor-widget-container\">\n\t\t\t\t\t<h2 class=\"elementor-heading-title elementor-size-default\">Hot Desk<\/h2>\t\t\t\t<\/div>\n\t\t\t\t<\/div>\n\t\t\t\t<div class=\"elementor-element elementor-element-3f490101 elementor-widget elementor-widget-text-editor\" data-id=\"3f490101\" data-element_type=\"widget\" data-e-type=\"widget\" data-widget_type=\"text-editor.default\">\n\t\t\t\t<div class=\"elementor-widget-container\">\n\t\t\t\t\t\t\t\t\t<p>Perfect for those who need a place to work with fast internet from 9am to 6pm.<\/p><p><span style=\"color: var( --e-global-color-text ); font-family: Karla, sans-serif; font-size: 22px; font-weight: 600; letter-spacing: -0.4px; word-spacing: var( --e-global-typography-cad1cd6-word-spacing );\">2.5\u20ac\u00a0<\/span><span style=\"font-family: Karla, sans-serif; font-size: 22px; font-weight: 600; letter-spacing: -0.4px; background-color: #ffffff; word-spacing: var( --e-global-typography-cad1cd6-word-spacing );\">+ VAT\u00a0<\/span><span style=\"font-family: Karla, sans-serif; font-size: 22px; font-weight: 600; letter-spacing: -0.4px; word-spacing: var( --e-global-typography-cad1cd6-word-spacing ); background-color: #ffffff;\">\/ hour<\/span><\/p>\t\t\t\t\t\t\t\t<\/div>\n\t\t\t\t<\/div>\n\t\t\t\t<div class=\"elementor-element elementor-element-110afdf9 elementor-widget elementor-widget-qbutton\" data-id=\"110afdf9\" data-element_type=\"widget\" data-e-type=\"widget\" data-widget_type=\"qbutton.default\">\n\t\t\t\t<div class=\"elementor-widget-container\">\n\t\t\t\t\t<a href=\"https:\/\/portal.workhub.pt\/public\/calendar\/hotdesk\" target=\"_blank\"  class=\"qbutton\" style=\"\">book<\/a>\t\t\t\t<\/div>\n\t\t\t\t<\/div>\n\t\t\t\t\t<\/div>\n\t\t<\/div>\n\t\t\t\t<div class=\"elementor-column elementor-col-25 elementor-inner-column elementor-element elementor-element-f993559\" data-id=\"f993559\" data-element_type=\"column\" data-e-type=\"column\">\n\t\t\t<div class=\"elementor-widget-wrap elementor-element-populated\">\n\t\t\t\t\t\t<div class=\"elementor-element elementor-element-40b1770 elementor-widget elementor-widget-heading\" data-id=\"40b1770\" data-element_type=\"widget\" data-e-type=\"widget\" data-widget_type=\"heading.default\">\n\t\t\t\t<div class=\"elementor-widget-container\">\n\t\t\t\t\t<h2 class=\"elementor-heading-title elementor-size-default\">Day Pass<\/h2>\t\t\t\t<\/div>\n\t\t\t\t<\/div>\n\t\t\t\t<div class=\"elementor-element elementor-element-1187ce8 elementor-widget elementor-widget-text-editor\" data-id=\"1187ce8\" data-element_type=\"widget\" data-e-type=\"widget\" data-widget_type=\"text-editor.default\">\n\t\t\t\t<div class=\"elementor-widget-container\">\n\t\t\t\t\t\t\t\t\t<p>Pack de 10 passes di\u00e1rios para acesso das 9h \u00e0s 18h. V\u00e1lido por 2 meses.<\/p><p><span style=\"color: var( --e-global-color-text ); font-family: Karla, sans-serif; font-size: 22px; font-weight: 600; letter-spacing: -0.4px; word-spacing: var( --e-global-typography-cad1cd6-word-spacing );\">99\u20ac <\/span><span style=\"font-family: Karla, sans-serif; font-size: 22px; font-weight: 600; letter-spacing: -0.4px; background-color: #ffffff; word-spacing: var( --e-global-typography-cad1cd6-word-spacing );\">+ VAT<\/span><\/p>\t\t\t\t\t\t\t\t<\/div>\n\t\t\t\t<\/div>\n\t\t\t\t<div class=\"elementor-element elementor-element-cb1fb42 elementor-widget elementor-widget-qbutton\" data-id=\"cb1fb42\" data-element_type=\"widget\" data-e-type=\"widget\" data-widget_type=\"qbutton.default\">\n\t\t\t\t<div class=\"elementor-widget-container\">\n\t\t\t\t\t<a href=\"https:\/\/portal.workhub.pt\/signup?office=5d1bcda0dbd6e40010479eec&plan=10dp\" target=\"_blank\"  class=\"qbutton\" style=\"\">book<\/a>\t\t\t\t<\/div>\n\t\t\t\t<\/div>\n\t\t\t\t\t<\/div>\n\t\t<\/div>\n\t\t\t\t<div class=\"elementor-column elementor-col-25 elementor-inner-column elementor-element elementor-element-48afb178\" data-id=\"48afb178\" data-element_type=\"column\" data-e-type=\"column\">\n\t\t\t<div class=\"elementor-widget-wrap elementor-element-populated\">\n\t\t\t\t\t\t<div class=\"elementor-element elementor-element-2ea38339 elementor-widget elementor-widget-heading\" data-id=\"2ea38339\" data-element_type=\"widget\" data-e-type=\"widget\" data-widget_type=\"heading.default\">\n\t\t\t\t<div class=\"elementor-widget-container\">\n\t\t\t\t\t<h2 class=\"elementor-heading-title elementor-size-default\">Meetings<\/h2>\t\t\t\t<\/div>\n\t\t\t\t<\/div>\n\t\t\t\t<div class=\"elementor-element elementor-element-6d649667 elementor-widget elementor-widget-text-editor\" data-id=\"6d649667\" data-element_type=\"widget\" data-e-type=\"widget\" data-widget_type=\"text-editor.default\">\n\t\t\t\t<div class=\"elementor-widget-container\">\n\t\t\t\t\t\t\t\t\t<p>You can reserve a meeting room for up to 8 people with air conditioning and complete privacy.\u00a0<\/p><p><span style=\"color: var( --e-global-color-text ); font-family: Karla, sans-serif; font-size: 22px; font-weight: 600; letter-spacing: -0.4px; word-spacing: var( --e-global-typography-cad1cd6-word-spacing );\">16.26\u20ac <\/span><span style=\"font-family: Karla, sans-serif; font-size: 22px; font-weight: 600; letter-spacing: -0.4px; background-color: #ffffff; word-spacing: var( --e-global-typography-cad1cd6-word-spacing );\">+ VAT \/ hour<\/span><\/p>\t\t\t\t\t\t\t\t<\/div>\n\t\t\t\t<\/div>\n\t\t\t\t<div class=\"elementor-element elementor-element-21d6d272 elementor-widget elementor-widget-qbutton\" data-id=\"21d6d272\" data-element_type=\"widget\" data-e-type=\"widget\" data-widget_type=\"qbutton.default\">\n\t\t\t\t<div class=\"elementor-widget-container\">\n\t\t\t\t\t<a href=\"https:\/\/portal.workhub.pt\/public\/calendar\/meeting_room\" target=\"_blank\"  class=\"qbutton\" style=\"\">book<\/a>\t\t\t\t<\/div>\n\t\t\t\t<\/div>\n\t\t\t\t\t<\/div>\n\t\t<\/div>\n\t\t\t\t<div class=\"elementor-column elementor-col-25 elementor-inner-column elementor-element elementor-element-3eff4650\" data-id=\"3eff4650\" data-element_type=\"column\" data-e-type=\"column\">\n\t\t\t<div class=\"elementor-widget-wrap elementor-element-populated\">\n\t\t\t\t\t\t<div class=\"elementor-element elementor-element-6e793bc7 elementor-widget elementor-widget-heading\" data-id=\"6e793bc7\" data-element_type=\"widget\" data-e-type=\"widget\" data-widget_type=\"heading.default\">\n\t\t\t\t<div class=\"elementor-widget-container\">\n\t\t\t\t\t<h2 class=\"elementor-heading-title elementor-size-default\">Phone Booth<\/h2>\t\t\t\t<\/div>\n\t\t\t\t<\/div>\n\t\t\t\t<div class=\"elementor-element elementor-element-b9dc6ab elementor-widget elementor-widget-text-editor\" data-id=\"b9dc6ab\" data-element_type=\"widget\" data-e-type=\"widget\" data-widget_type=\"text-editor.default\">\n\t\t\t\t<div class=\"elementor-widget-container\">\n\t\t\t\t\t\t\t\t\t<p>You can book a phone booth, completely soundproofed and with an electric socket.<\/p><h5>4\u20ac + VAT \/ hour<\/h5>\t\t\t\t\t\t\t\t<\/div>\n\t\t\t\t<\/div>\n\t\t\t\t<div class=\"elementor-element elementor-element-11ba474d elementor-widget elementor-widget-qbutton\" data-id=\"11ba474d\" data-element_type=\"widget\" data-e-type=\"widget\" data-widget_type=\"qbutton.default\">\n\t\t\t\t<div class=\"elementor-widget-container\">\n\t\t\t\t\t<a href=\"https:\/\/portal.workhub.pt\/public\/calendar\/meeting_room\" target=\"_blank\"  class=\"qbutton\" style=\"\">book<\/a>\t\t\t\t<\/div>\n\t\t\t\t<\/div>\n\t\t\t\t\t<\/div>\n\t\t<\/div>\n\t\t\t\t\t<\/div>\n\t\t<\/section>\n\t\t\t\t\t<\/div>\n\t\t<\/div>\n\t\t\t\t\t<\/div>\n\t\t<\/section>\n\t\t\t\t<\/div>","protected":false},"excerpt":{"rendered":"<p>SERVI\u00c7OS ON DEMAND Se \u00e9s freelancer, trabalhas remotamente ou simplesmente precisas de um lugar tranquilo para te concentrares, os nossos espa\u00e7os foram projetados para aumentar a produtividade e inspirar a criatividade. Contacta-nos Precisas de um espa\u00e7o de trabalho a qualquer momento? Os nossos servi\u00e7os de coworking \u00e0 hora oferecem solu\u00e7\u00f5es&#8230;<\/p>","protected":false},"author":1,"featured_media":0,"parent":0,"menu_order":0,"comment_status":"closed","ping_status":"closed","template":"","meta":{"content-type":"","_sitemap_exclude":false,"_sitemap_priority":"","_sitemap_frequency":"","footnotes":""},"class_list":["post-271488","page","type-page","status-publish","hentry"],"aioseo_notices":[],"_links":{"self":[{"href":"https:\/\/workhub.pt\/en\/wp-json\/wp\/v2\/pages\/271488","targetHints":{"allow":["GET"]}}],"collection":[{"href":"https:\/\/workhub.pt\/en\/wp-json\/wp\/v2\/pages"}],"about":[{"href":"https:\/\/workhub.pt\/en\/wp-json\/wp\/v2\/types\/page"}],"author":[{"embeddable":true,"href":"https:\/\/workhub.pt\/en\/wp-json\/wp\/v2\/users\/1"}],"replies":[{"embeddable":true,"href":"https:\/\/workhub.pt\/en\/wp-json\/wp\/v2\/comments?post=271488"}],"version-history":[{"count":82,"href":"https:\/\/workhub.pt\/en\/wp-json\/wp\/v2\/pages\/271488\/revisions"}],"predecessor-version":[{"id":272748,"href":"https:\/\/workhub.pt\/en\/wp-json\/wp\/v2\/pages\/271488\/revisions\/272748"}],"wp:attachment":[{"href":"https:\/\/workhub.pt\/en\/wp-json\/wp\/v2\/media?parent=271488"}],"curies":[{"name":"wp","href":"https:\/\/api.w.org\/{rel}","templated":true}]}}