{"id":270777,"date":"2023-12-21T10:30:26","date_gmt":"2023-12-21T10:30:26","guid":{"rendered":"https:\/\/workhub.pt\/?page_id=270777"},"modified":"2024-11-08T07:47:03","modified_gmt":"2024-11-08T07:47:03","slug":"mediadores","status":"publish","type":"page","link":"https:\/\/workhub.pt\/en\/mediadores\/","title":{"rendered":"Brokers"},"content":{"rendered":"\t\t<div data-elementor-type=\"wp-page\" data-elementor-id=\"270777\" class=\"elementor elementor-270777\">\n\t\t\t\t\t\t<section class=\"elementor-section elementor-top-section elementor-element elementor-element-8abb335 elementor-section-boxed elementor-section-height-default elementor-section-height-default parallax_section_no qode_elementor_container_no qode-content-aligment-left\" data-id=\"8abb335\" data-element_type=\"section\" data-e-type=\"section\">\n\t\t\t\t\t\t<div class=\"elementor-container elementor-column-gap-default\">\n\t\t\t\t\t<div class=\"elementor-column elementor-col-50 elementor-top-column elementor-element elementor-element-ee55f3e\" data-id=\"ee55f3e\" data-element_type=\"column\" data-e-type=\"column\">\n\t\t\t<div class=\"elementor-widget-wrap elementor-element-populated\">\n\t\t\t\t\t\t<div class=\"elementor-element elementor-element-400d746 elementor-widget elementor-widget-heading\" data-id=\"400d746\" data-element_type=\"widget\" data-e-type=\"widget\" data-widget_type=\"heading.default\">\n\t\t\t\t<div class=\"elementor-widget-container\">\n\t\t\t\t\t<h2 class=\"elementor-heading-title elementor-size-default\">Os teus clientes precisam de um escrit\u00f3rio privado?\nN\u00f3s temos o espa\u00e7o perfeito. <br>\n<br>Entra em contacto para descobrires os espa\u00e7os que temos dispon\u00edveis. <\/h2>\t\t\t\t<\/div>\n\t\t\t\t<\/div>\n\t\t\t\t<div class=\"elementor-element elementor-element-12f4b8c elementor-widget elementor-widget-qbutton\" data-id=\"12f4b8c\" data-element_type=\"widget\" data-e-type=\"widget\" data-widget_type=\"qbutton.default\">\n\t\t\t\t<div class=\"elementor-widget-container\">\n\t\t\t\t\t<a href=\"mailto:lisbon@workhub.pt\" target=\"_blank\"  class=\"qbutton \" style=\"\">CONTACTO <\/a>\t\t\t\t<\/div>\n\t\t\t\t<\/div>\n\t\t\t\t\t<\/div>\n\t\t<\/div>\n\t\t\t\t<div class=\"elementor-column elementor-col-50 elementor-top-column elementor-element elementor-element-16f8d58\" data-id=\"16f8d58\" data-element_type=\"column\" data-e-type=\"column\">\n\t\t\t<div class=\"elementor-widget-wrap elementor-element-populated\">\n\t\t\t\t\t\t<div class=\"elementor-element elementor-element-3791777 elementor-widget elementor-widget-text-editor\" data-id=\"3791777\" data-element_type=\"widget\" data-e-type=\"widget\" data-widget_type=\"text-editor.default\">\n\t\t\t\t<div class=\"elementor-widget-container\">\n\t\t\t\t\t\t\t\t\t<h6>GARANTIMOS UMA RENDA FIXA<\/h6><h6>COM SERVI\u00c7OS PARTILHADOS INCLU\u00cdDOS<\/h6><p>\u00a0<\/p><h6>\u2714\ufe0f Acesso 24h<\/h6><h6>\u2714\ufe0f <span lang=\"PT\">Internet ultra r\u00e1pida<\/span><\/h6><h6>\u2714\ufe0f Rece\u00e7\u00e3o de correio<\/h6><h6>\u2714\ufe0f Sistema de v\u00eddeo-vigil\u00e2ncia<\/h6><h6>\u2714\ufe0f Electricidade<\/h6><h6>\u2714\ufe0f Limpeza<\/h6><h6>\u00a0<\/h6><h6>UM Escrit\u00f3rio chave na m\u00e3o com a flexibilidade de um coworking<\/h6>\t\t\t\t\t\t\t\t<\/div>\n\t\t\t\t<\/div>\n\t\t\t\t\t<\/div>\n\t\t<\/div>\n\t\t\t\t\t<\/div>\n\t\t<\/section>\n\t\t\t\t<section class=\"elementor-section elementor-top-section elementor-element elementor-element-e127918 elementor-section-boxed elementor-section-height-default elementor-section-height-default parallax_section_no qode_elementor_container_no qode-content-aligment-left\" data-id=\"e127918\" data-element_type=\"section\" data-e-type=\"section\">\n\t\t\t\t\t\t<div class=\"elementor-container elementor-column-gap-default\">\n\t\t\t\t\t<div class=\"elementor-column elementor-col-50 elementor-top-column elementor-element elementor-element-52e9b88\" data-id=\"52e9b88\" data-element_type=\"column\" data-e-type=\"column\">\n\t\t\t<div class=\"elementor-widget-wrap elementor-element-populated\">\n\t\t\t\t\t\t<div class=\"elementor-element elementor-element-3bdb192 elementor-widget__width-initial elementor-widget elementor-widget-text-editor\" data-id=\"3bdb192\" data-element_type=\"widget\" data-e-type=\"widget\" data-widget_type=\"text-editor.default\">\n\t\t\t\t<div class=\"elementor-widget-container\">\n\t\t\t\t\t\t\t\t\t<div class=\"flex-shrink-0 flex flex-col relative items-end\"><div><div class=\"pt-0\"><div class=\"gizmo-bot-avatar flex h-8 w-8 items-center justify-center overflow-hidden rounded-full\"><div class=\"relative p-1 rounded-sm flex items-center justify-center bg-token-main-surface-primary text-token-text-primary h-8 w-8\">\u00a0<\/div><\/div><\/div><\/div><\/div><div class=\"group\/conversation-turn relative flex w-full min-w-0 flex-col agent-turn\"><div class=\"flex-col gap-1 md:gap-3\"><div class=\"flex max-w-full flex-col flex-grow\"><div class=\"min-h-8 text-message flex w-full flex-col items-end gap-2 whitespace-normal break-words [.text-message+&amp;]:mt-5\" dir=\"auto\" data-message-author-role=\"assistant\" data-message-id=\"4bc21af1-5780-42ad-b907-b6ccbdb5db05\" data-message-model-slug=\"gpt-4o-mini\"><div class=\"flex w-full flex-col gap-1 empty:hidden first:pt-[3px]\"><div class=\"markdown prose w-full break-words dark:prose-invert light\"><p>Novos modelos de trabalho destacam-se nas prefer\u00eancias dos colaboradores, e os escrit\u00f3rios flex\u00edveis t\u00eam um papel importante nesse contexto. Al\u00e9m de fortalecerem valores e a cultura da empresa, esses espa\u00e7os funcionam como um acoplador de inova\u00e7\u00e3o e <a href=\"https:\/\/en.wikipedia.org\/wiki\/Productivity\">produtividade<\/a>, estimulando la\u00e7os sociais e afetivos entre os colaboradores.<\/p><\/div><\/div><\/div><\/div><\/div><\/div><p style=\"font-weight: 400;\">Assim torna-se essencial implementar espa\u00e7os de trabalho que permitam melhorar a flexibilidade e que as empresas consigam desta forma reunir os seus recursos em torno de um objetivo comum, em que a colabora\u00e7\u00e3o, o talento e o bem-estar devem estar no centro da estrat\u00e9gia empresarial. <a href=\"https:\/\/workhub.pt\/contacto\/\">Contate-nos<\/a>.<\/p>\t\t\t\t\t\t\t\t<\/div>\n\t\t\t\t<\/div>\n\t\t\t\t\t<\/div>\n\t\t<\/div>\n\t\t\t\t<div class=\"elementor-column elementor-col-50 elementor-top-column elementor-element elementor-element-3c8ea39\" data-id=\"3c8ea39\" data-element_type=\"column\" data-e-type=\"column\">\n\t\t\t<div class=\"elementor-widget-wrap elementor-element-populated\">\n\t\t\t\t\t\t<div class=\"elementor-element elementor-element-a8dd240 elementor-widget elementor-widget-image\" data-id=\"a8dd240\" data-element_type=\"widget\" data-e-type=\"widget\" data-widget_type=\"image.default\">\n\t\t\t\t<div class=\"elementor-widget-container\">\n\t\t\t\t\t\t\t\t\t\t\t\t\t\t\t<img fetchpriority=\"high\" decoding=\"async\" width=\"1024\" height=\"806\" src=\"https:\/\/workhub.pt\/wp-content\/uploads\/2024\/09\/imagens_site-10-1024x806.webp\" class=\"attachment-large size-large wp-image-271642\" alt=\"imagens site 10 scaled\" srcset=\"https:\/\/workhub.pt\/wp-content\/uploads\/2024\/09\/imagens_site-10-1024x806.webp 1024w, https:\/\/workhub.pt\/wp-content\/uploads\/2024\/09\/imagens_site-10-500x393.webp 500w, https:\/\/workhub.pt\/wp-content\/uploads\/2024\/09\/imagens_site-10-768x604.webp 768w, https:\/\/workhub.pt\/wp-content\/uploads\/2024\/09\/imagens_site-10-1536x1209.webp 1536w, https:\/\/workhub.pt\/wp-content\/uploads\/2024\/09\/imagens_site-10-2048x1612.webp 2048w, https:\/\/workhub.pt\/wp-content\/uploads\/2024\/09\/imagens_site-10-15x12.webp 15w, https:\/\/workhub.pt\/wp-content\/uploads\/2024\/09\/imagens_site-10-700x551.webp 700w, https:\/\/workhub.pt\/wp-content\/uploads\/2024\/09\/imagens_site-10-1100x866.webp 1100w\" sizes=\"(max-width: 1024px) 100vw, 1024px\" \/>\t\t\t\t\t\t\t\t\t\t\t\t\t\t\t<\/div>\n\t\t\t\t<\/div>\n\t\t\t\t\t<\/div>\n\t\t<\/div>\n\t\t\t\t\t<\/div>\n\t\t<\/section>\n\t\t\t\t<\/div>\n\t\t","protected":false},"excerpt":{"rendered":"<p>Os teus clientes precisam de um escrit\u00f3rio privado? N\u00f3s temos o espa\u00e7o perfeito. Entra em contacto para descobrires os espa\u00e7os que temos dispon\u00edveis. CONTACTO GARANTIMOS UMA RENDA FIXA COM SERVI\u00c7OS PARTILHADOS INCLU\u00cdDOS \u00a0 \u2714\ufe0f Acesso 24h \u2714\ufe0f Internet ultra r\u00e1pida \u2714\ufe0f Rece\u00e7\u00e3o de correio \u2714\ufe0f Sistema de v\u00eddeo-vigil\u00e2ncia \u2714\ufe0f Electricidade&#8230;<\/p>","protected":false},"author":1,"featured_media":0,"parent":0,"menu_order":0,"comment_status":"closed","ping_status":"closed","template":"","meta":{"content-type":"","_sitemap_exclude":false,"_sitemap_priority":"","_sitemap_frequency":"","footnotes":""},"class_list":["post-270777","page","type-page","status-publish","hentry"],"aioseo_notices":[],"_links":{"self":[{"href":"https:\/\/workhub.pt\/en\/wp-json\/wp\/v2\/pages\/270777","targetHints":{"allow":["GET"]}}],"collection":[{"href":"https:\/\/workhub.pt\/en\/wp-json\/wp\/v2\/pages"}],"about":[{"href":"https:\/\/workhub.pt\/en\/wp-json\/wp\/v2\/types\/page"}],"author":[{"embeddable":true,"href":"https:\/\/workhub.pt\/en\/wp-json\/wp\/v2\/users\/1"}],"replies":[{"embeddable":true,"href":"https:\/\/workhub.pt\/en\/wp-json\/wp\/v2\/comments?post=270777"}],"version-history":[{"count":28,"href":"https:\/\/workhub.pt\/en\/wp-json\/wp\/v2\/pages\/270777\/revisions"}],"predecessor-version":[{"id":271661,"href":"https:\/\/workhub.pt\/en\/wp-json\/wp\/v2\/pages\/270777\/revisions\/271661"}],"wp:attachment":[{"href":"https:\/\/workhub.pt\/en\/wp-json\/wp\/v2\/media?parent=270777"}],"curies":[{"name":"wp","href":"https:\/\/api.w.org\/{rel}","templated":true}]}}