{"id":22922,"date":"2021-04-14T13:41:58","date_gmt":"2021-04-14T13:41:58","guid":{"rendered":"https:\/\/workhub.pt\/?page_id=22922"},"modified":"2025-10-16T21:47:43","modified_gmt":"2025-10-16T21:47:43","slug":"home","status":"publish","type":"page","link":"https:\/\/workhub.pt\/en\/","title":{"rendered":"Coworking in Lisbon"},"content":{"rendered":"\t\t<div data-elementor-type=\"wp-page\" data-elementor-id=\"22922\" class=\"elementor elementor-22922\">\n\t\t\t\t\t\t<section class=\"elementor-section elementor-top-section elementor-element elementor-element-05da49d elementor-section-full_width elementor-hidden-mobile elementor-section-height-default elementor-section-height-default parallax_section_no qode_elementor_container_no qode-content-aligment-left\" data-id=\"05da49d\" data-element_type=\"section\" data-e-type=\"section\">\n\t\t\t\t\t\t<div class=\"elementor-container elementor-column-gap-default\">\n\t\t\t\t\t<div class=\"elementor-column elementor-col-100 elementor-top-column elementor-element elementor-element-cbe69f6\" data-id=\"cbe69f6\" data-element_type=\"column\" data-e-type=\"column\">\n\t\t\t<div class=\"elementor-widget-wrap elementor-element-populated\">\n\t\t\t\t\t\t<div class=\"elementor-element elementor-element-f9c18df elementor-widget elementor-widget-slider_revolution\" data-id=\"f9c18df\" data-element_type=\"widget\" data-e-type=\"widget\" data-widget_type=\"slider_revolution.default\">\n\t\t\t\t<div class=\"elementor-widget-container\">\n\t\t\t\t\t\n\t\t<div class=\"wp-block-themepunch-revslider\">\n\t\t\t<!-- START Slider 7 REVOLUTION SLIDER 6.7.29 --><p class=\"rs-p-wp-fix\"><\/p>\n\t\t\t<rs-module-wrap id=\"rev_slider_9_1_wrapper\" data-source=\"gallery\" style=\"visibility:hidden;background:transparent;padding:0;margin:0px auto;margin-top:0;margin-bottom:0;\">\n\t\t\t\t<rs-module id=\"rev_slider_9_1\" style=\"\" data-version=\"6.7.29\">\n\t\t\t\t\t<rs-slides style=\"overflow: hidden; position: absolute;\">\n\t\t\t\t\t\t<rs-slide style=\"position: absolute;\" data-key=\"rs-10\" data-title=\"Slide\" data-in=\"o:0;\" data-out=\"a:false;\">\n\t\t\t\t\t\t\t<img decoding=\"async\" src=\"\/\/workhub.pt\/wp-content\/plugins\/revslider\/sr6\/assets\/assets\/dummy.png\" alt=\"Slide\" title=\"Coworking em Lisboa\" class=\"rev-slidebg tp-rs-img rs-lazyload\" data-lazyload=\"\/\/workhub.pt\/wp-content\/plugins\/revslider\/sr6\/assets\/assets\/transparent.png\" data-no-retina>\n<!--\n\t\t\t\t\t\t\t--><rs-layer\n\t\t\t\t\t\t\t\tid=\"slider-9-slide-10-layer-6\" \n\t\t\t\t\t\t\t\tdata-type=\"image\"\n\t\t\t\t\t\t\t\tdata-rsp_ch=\"on\"\n\t\t\t\t\t\t\t\tdata-xy=\"x:-500px;y:-163px;\"\n\t\t\t\t\t\t\t\tdata-text=\"w:normal;\"\n\t\t\t\t\t\t\t\tdata-dim=\"w:2200px;h:1469px;\"\n\t\t\t\t\t\t\t\tdata-frame_999=\"o:0;st:w;\"\n\t\t\t\t\t\t\t\tstyle=\"z-index:6;\"\n\t\t\t\t\t\t\t><img fetchpriority=\"high\" decoding=\"async\" src=\"\/\/workhub.pt\/wp-content\/plugins\/revslider\/sr6\/assets\/assets\/dummy.png\" alt=\"lisbonworkhublounge\" class=\"tp-rs-img rs-lazyload\" width=\"2560\" height=\"1709\" data-lazyload=\"\/\/workhub.pt\/wp-content\/uploads\/2025\/06\/lisbonworkhublounge.webp\" data-no-retina> \n\t\t\t\t\t\t\t<\/rs-layer><!--\n-->\t\t\t\t\t<\/rs-slide>\n\t\t\t\t\t<\/rs-slides>\n\t\t\t\t<\/rs-module>\n\t\t\t\t<script>\n\t\t\t\t\tsetREVStartSize({c: 'rev_slider_9_1',rl:[1240,1024,768,480],el:[900],gw:[1240],gh:[900],type:'standard',justify:'',layout:'fullwidth',mh:\"0\"});if (window.RS_MODULES!==undefined && window.RS_MODULES.modules!==undefined && window.RS_MODULES.modules[\"revslider91\"]!==undefined) {window.RS_MODULES.modules[\"revslider91\"].once = false;window.revapi9 = undefined;if (window.RS_MODULES.checkMinimal!==undefined) window.RS_MODULES.checkMinimal()}\n\t\t\t\t<\/script>\n\t\t\t<\/rs-module-wrap>\n\t\t\t<!-- END REVOLUTION SLIDER -->\n<\/div>\n\n\t\t\t\t\t\t<\/div>\n\t\t\t\t<\/div>\n\t\t\t\t\t<\/div>\n\t\t<\/div>\n\t\t\t\t\t<\/div>\n\t\t<\/section>\n\t\t\t\t<section class=\"elementor-section elementor-top-section elementor-element elementor-element-763616d elementor-section-content-middle elementor-section-boxed elementor-section-height-default elementor-section-height-default parallax_section_no qode_elementor_container_no qode-content-aligment-left\" data-id=\"763616d\" data-element_type=\"section\" data-e-type=\"section\">\n\t\t\t\t\t\t<div class=\"elementor-container elementor-column-gap-default\">\n\t\t\t\t\t<div class=\"elementor-column elementor-col-100 elementor-top-column elementor-element elementor-element-925794c\" data-id=\"925794c\" data-element_type=\"column\" data-e-type=\"column\">\n\t\t\t<div class=\"elementor-widget-wrap elementor-element-populated\">\n\t\t\t\t\t\t<div class=\"elementor-element elementor-element-aa3fd8f elementor-widget elementor-widget-heading\" data-id=\"aa3fd8f\" data-element_type=\"widget\" data-e-type=\"widget\" data-widget_type=\"heading.default\">\n\t\t\t\t<div class=\"elementor-widget-container\">\n\t\t\t\t\t<h1 class=\"elementor-heading-title elementor-size-default\">Coworking em Lisboa<\/h1>\t\t\t\t<\/div>\n\t\t\t\t<\/div>\n\t\t\t\t<div class=\"elementor-element elementor-element-d8b776b elementor-widget elementor-widget-text-editor\" data-id=\"d8b776b\" data-element_type=\"widget\" data-e-type=\"widget\" data-widget_type=\"text-editor.default\">\n\t\t\t\t<div class=\"elementor-widget-container\">\n\t\t\t\t\t\t\t\t\t<p>Nos nossos espa\u00e7os de trabalho partilhados, <b>na <a href=\"https:\/\/maps.app.goo.gl\/vpgcYLr3M3k3c3RU6\">Matinha<\/a> e no <a href=\"https:\/\/maps.app.goo.gl\/WSAJ6h6TLKEhCsR16\">Bra\u00e7o de Prata<\/a><\/b>, proporcionamos <strong>ambientes de trabalho flex\u00edveis<\/strong> e inspiradores para todos: n\u00f3madas digitais, freelancers, trabalhadores remotos e empreendedores. Acreditamos que o conforto \u00e9 um aliado da produtividade e, por isso, temos v\u00e1rios espa\u00e7os partilhados: <strong>salas de reuni\u00e3o, cabines telef\u00f3nicas, copa e \u00e1rea lounge<\/strong>.&nbsp;<\/p>\n<p>Damos vida a edif\u00edcios hist\u00f3ricos, promovemos a sustentabilidade e criamos espa\u00e7os inteligentes que facilitam o dia de trabalho e permitem gerir melhor o tempo. Esta \u00e9 a nossa maneira de ser e de estar, faz com que seja a tua.<\/p>\n<p><strong><span style=\"text-decoration: underline;\"><a href=\"https:\/\/workhub.pt\/planos\">Conhecer todas as solu\u00e7\u00f5es<\/a><\/span><\/strong><\/p>\t\t\t\t\t\t\t\t<\/div>\n\t\t\t\t<\/div>\n\t\t\t\t\t<\/div>\n\t\t<\/div>\n\t\t\t\t\t<\/div>\n\t\t<\/section>\n\t\t\t\t<section class=\"elementor-section elementor-top-section elementor-element elementor-element-6f9cc629 elementor-section-stretched elementor-section-full_width qode_elementor_container_inner qode-content-aligment-center elementor-section-height-default elementor-section-height-default parallax_section_no\" data-id=\"6f9cc629\" data-element_type=\"section\" data-e-type=\"section\" data-settings=\"{&quot;stretch_section&quot;:&quot;section-stretched&quot;}\">\n\t\t\t\t\t\t<div class=\"elementor-container elementor-column-gap-default\">\n\t\t\t\t\t<div class=\"elementor-column elementor-col-33 elementor-top-column elementor-element elementor-element-70fb68c2\" data-id=\"70fb68c2\" data-element_type=\"column\" data-e-type=\"column\">\n\t\t\t<div class=\"elementor-widget-wrap elementor-element-populated\">\n\t\t\t\t\t\t<div class=\"elementor-element elementor-element-f7b3948 elementor-widget elementor-widget-image\" data-id=\"f7b3948\" data-element_type=\"widget\" data-e-type=\"widget\" data-widget_type=\"image.default\">\n\t\t\t\t<div class=\"elementor-widget-container\">\n\t\t\t\t\t\t\t\t\t\t\t\t\t\t\t\t<a href=\"https:\/\/workhub.pt\/escritorios\">\n\t\t\t\t\t\t\t<img decoding=\"async\" width=\"500\" height=\"334\" src=\"https:\/\/workhub.pt\/wp-content\/uploads\/2024\/11\/16-500x334.png\" class=\"attachment-medium size-medium wp-image-272330\" alt=\"WorkHub Prata by Fluxograma\" srcset=\"https:\/\/workhub.pt\/wp-content\/uploads\/2024\/11\/16-500x334.png 500w, https:\/\/workhub.pt\/wp-content\/uploads\/2024\/11\/16-1024x684.png 1024w, https:\/\/workhub.pt\/wp-content\/uploads\/2024\/11\/16-768x513.png 768w, https:\/\/workhub.pt\/wp-content\/uploads\/2024\/11\/16-1536x1025.png 1536w, https:\/\/workhub.pt\/wp-content\/uploads\/2024\/11\/16-18x12.png 18w, https:\/\/workhub.pt\/wp-content\/uploads\/2024\/11\/16-700x467.png 700w, https:\/\/workhub.pt\/wp-content\/uploads\/2024\/11\/16-1100x734.png 1100w, https:\/\/workhub.pt\/wp-content\/uploads\/2024\/11\/16.png 1618w\" sizes=\"(max-width: 500px) 100vw, 500px\" \/>\t\t\t\t\t\t\t\t<\/a>\n\t\t\t\t\t\t\t\t\t\t\t\t\t\t\t<\/div>\n\t\t\t\t<\/div>\n\t\t\t\t<div class=\"elementor-element elementor-element-d158ce5 e-transform elementor-widget elementor-widget-heading\" data-id=\"d158ce5\" data-element_type=\"widget\" data-e-type=\"widget\" data-settings=\"{&quot;_transform_scale_effect&quot;:{&quot;unit&quot;:&quot;px&quot;,&quot;size&quot;:&quot;&quot;,&quot;sizes&quot;:[]},&quot;_transform_scale_effect_tablet&quot;:{&quot;unit&quot;:&quot;px&quot;,&quot;size&quot;:&quot;&quot;,&quot;sizes&quot;:[]},&quot;_transform_scale_effect_mobile&quot;:{&quot;unit&quot;:&quot;px&quot;,&quot;size&quot;:&quot;&quot;,&quot;sizes&quot;:[]}}\" data-widget_type=\"heading.default\">\n\t\t\t\t<div class=\"elementor-widget-container\">\n\t\t\t\t\t<h2 class=\"elementor-heading-title elementor-size-default\"><a href=\"https:\/\/workhub.pt\/escritorios\">Escrit\u00f3rios<\/a><\/h2>\t\t\t\t<\/div>\n\t\t\t\t<\/div>\n\t\t\t\t<div class=\"elementor-element elementor-element-255def75 elementor-widget elementor-widget-text-editor\" data-id=\"255def75\" data-element_type=\"widget\" data-e-type=\"widget\" data-widget_type=\"text-editor.default\">\n\t\t\t\t<div class=\"elementor-widget-container\">\n\t\t\t\t\t\t\t\t\t<p>Espa\u00e7os adaptados \u00e0 dimens\u00e3o da tua equipa, com acesso 24\/7 e todas as comodidades necess\u00e1rias.<span class=\"Apple-converted-space\">\u00a0<\/span><\/p>\t\t\t\t\t\t\t\t<\/div>\n\t\t\t\t<\/div>\n\t\t\t\t<div class=\"elementor-element elementor-element-6e233ba elementor-widget elementor-widget-qbutton\" data-id=\"6e233ba\" data-element_type=\"widget\" data-e-type=\"widget\" data-widget_type=\"qbutton.default\">\n\t\t\t\t<div class=\"elementor-widget-container\">\n\t\t\t\t\t<a href=\"https:\/\/workhub.pt\/escritorios\" target=\"_self\"  class=\"qbutton \" style=\"\">Saber mais<\/a>\t\t\t\t<\/div>\n\t\t\t\t<\/div>\n\t\t\t\t\t<\/div>\n\t\t<\/div>\n\t\t\t\t<div class=\"elementor-column elementor-col-33 elementor-top-column elementor-element elementor-element-2a97d90e\" data-id=\"2a97d90e\" data-element_type=\"column\" data-e-type=\"column\">\n\t\t\t<div class=\"elementor-widget-wrap elementor-element-populated\">\n\t\t\t\t\t\t<div class=\"elementor-element elementor-element-94e6a9c elementor-widget elementor-widget-image\" data-id=\"94e6a9c\" data-element_type=\"widget\" data-e-type=\"widget\" data-widget_type=\"image.default\">\n\t\t\t\t<div class=\"elementor-widget-container\">\n\t\t\t\t\t\t\t\t\t\t\t\t\t\t\t\t<a href=\"https:\/\/workhub.pt\/coworking\">\n\t\t\t\t\t\t\t<img decoding=\"async\" width=\"500\" height=\"334\" src=\"https:\/\/workhub.pt\/wp-content\/uploads\/2024\/10\/workhub-open-space-full-500x334.webp\" class=\"attachment-medium size-medium wp-image-271777\" alt=\"workhub open space full\" srcset=\"https:\/\/workhub.pt\/wp-content\/uploads\/2024\/10\/workhub-open-space-full-500x334.webp 500w, https:\/\/workhub.pt\/wp-content\/uploads\/2024\/10\/workhub-open-space-full-1024x684.webp 1024w, https:\/\/workhub.pt\/wp-content\/uploads\/2024\/10\/workhub-open-space-full-768x513.webp 768w, https:\/\/workhub.pt\/wp-content\/uploads\/2024\/10\/workhub-open-space-full-1536x1025.webp 1536w, https:\/\/workhub.pt\/wp-content\/uploads\/2024\/10\/workhub-open-space-full-18x12.webp 18w, https:\/\/workhub.pt\/wp-content\/uploads\/2024\/10\/workhub-open-space-full-700x467.webp 700w, https:\/\/workhub.pt\/wp-content\/uploads\/2024\/10\/workhub-open-space-full-1100x734.webp 1100w, https:\/\/workhub.pt\/wp-content\/uploads\/2024\/10\/workhub-open-space-full.webp 1618w\" sizes=\"(max-width: 500px) 100vw, 500px\" \/>\t\t\t\t\t\t\t\t<\/a>\n\t\t\t\t\t\t\t\t\t\t\t\t\t\t\t<\/div>\n\t\t\t\t<\/div>\n\t\t\t\t<div class=\"elementor-element elementor-element-1fd3de7 elementor-widget elementor-widget-heading\" data-id=\"1fd3de7\" data-element_type=\"widget\" data-e-type=\"widget\" data-widget_type=\"heading.default\">\n\t\t\t\t<div class=\"elementor-widget-container\">\n\t\t\t\t\t<h2 class=\"elementor-heading-title elementor-size-default\"><a href=\"https:\/\/workhub.pt\/coworking\">Coworking<\/a><\/h2>\t\t\t\t<\/div>\n\t\t\t\t<\/div>\n\t\t\t\t<div class=\"elementor-element elementor-element-392aa118 elementor-widget elementor-widget-text-editor\" data-id=\"392aa118\" data-element_type=\"widget\" data-e-type=\"widget\" data-widget_type=\"text-editor.default\">\n\t\t\t\t<div class=\"elementor-widget-container\">\n\t\t\t\t\t\t\t\t\t<p>Escolhe entre secret\u00e1rias fixas ou partilhadas, com acesso a Wi-Fi r\u00e1pido, salas de reuni\u00e3o, cabines, copa e lounge.<span class=\"Apple-converted-space\">\u00a0<\/span><\/p>\t\t\t\t\t\t\t\t<\/div>\n\t\t\t\t<\/div>\n\t\t\t\t<div class=\"elementor-element elementor-element-affdcda elementor-widget elementor-widget-qbutton\" data-id=\"affdcda\" data-element_type=\"widget\" data-e-type=\"widget\" data-widget_type=\"qbutton.default\">\n\t\t\t\t<div class=\"elementor-widget-container\">\n\t\t\t\t\t<a href=\"https:\/\/workhub.pt\/coworking\" target=\"_self\"  class=\"qbutton \" style=\"\">Saber mais<\/a>\t\t\t\t<\/div>\n\t\t\t\t<\/div>\n\t\t\t\t\t<\/div>\n\t\t<\/div>\n\t\t\t\t<div class=\"elementor-column elementor-col-33 elementor-top-column elementor-element elementor-element-fe03fdb\" data-id=\"fe03fdb\" data-element_type=\"column\" data-e-type=\"column\">\n\t\t\t<div class=\"elementor-widget-wrap elementor-element-populated\">\n\t\t\t\t\t\t<div class=\"elementor-element elementor-element-17b24c2 elementor-widget elementor-widget-image\" data-id=\"17b24c2\" data-element_type=\"widget\" data-e-type=\"widget\" data-widget_type=\"image.default\">\n\t\t\t\t<div class=\"elementor-widget-container\">\n\t\t\t\t\t\t\t\t\t\t\t\t\t\t\t\t<a href=\"https:\/\/workhub.pt\/armazens\">\n\t\t\t\t\t\t\t<img loading=\"lazy\" decoding=\"async\" width=\"500\" height=\"334\" src=\"https:\/\/workhub.pt\/wp-content\/uploads\/2024\/10\/workhub-self-storage-warehouse-500x334.webp\" class=\"attachment-medium size-medium wp-image-271780\" alt=\"workhub self storage warehouse\" srcset=\"https:\/\/workhub.pt\/wp-content\/uploads\/2024\/10\/workhub-self-storage-warehouse-500x334.webp 500w, https:\/\/workhub.pt\/wp-content\/uploads\/2024\/10\/workhub-self-storage-warehouse-1024x684.webp 1024w, https:\/\/workhub.pt\/wp-content\/uploads\/2024\/10\/workhub-self-storage-warehouse-768x513.webp 768w, https:\/\/workhub.pt\/wp-content\/uploads\/2024\/10\/workhub-self-storage-warehouse-1536x1025.webp 1536w, https:\/\/workhub.pt\/wp-content\/uploads\/2024\/10\/workhub-self-storage-warehouse-18x12.webp 18w, https:\/\/workhub.pt\/wp-content\/uploads\/2024\/10\/workhub-self-storage-warehouse-700x467.webp 700w, https:\/\/workhub.pt\/wp-content\/uploads\/2024\/10\/workhub-self-storage-warehouse-1100x734.webp 1100w, https:\/\/workhub.pt\/wp-content\/uploads\/2024\/10\/workhub-self-storage-warehouse.webp 1618w\" sizes=\"(max-width: 500px) 100vw, 500px\" \/>\t\t\t\t\t\t\t\t<\/a>\n\t\t\t\t\t\t\t\t\t\t\t\t\t\t\t<\/div>\n\t\t\t\t<\/div>\n\t\t\t\t<div class=\"elementor-element elementor-element-abe0bb1 elementor-widget elementor-widget-heading\" data-id=\"abe0bb1\" data-element_type=\"widget\" data-e-type=\"widget\" data-widget_type=\"heading.default\">\n\t\t\t\t<div class=\"elementor-widget-container\">\n\t\t\t\t\t<h2 class=\"elementor-heading-title elementor-size-default\"><a href=\"https:\/\/workhub.pt\/armazens\">Armaz\u00e9ns<\/a><\/h2>\t\t\t\t<\/div>\n\t\t\t\t<\/div>\n\t\t\t\t<div class=\"elementor-element elementor-element-78d5710 elementor-widget elementor-widget-text-editor\" data-id=\"78d5710\" data-element_type=\"widget\" data-e-type=\"widget\" data-widget_type=\"text-editor.default\">\n\t\t\t\t<div class=\"elementor-widget-container\">\n\t\t\t\t\t\t\t\t\t<p>Aluga espa\u00e7o extra, de 6 a 40m2, para armazenares documentos e produtos, com acesso 24h.<\/p>\t\t\t\t\t\t\t\t<\/div>\n\t\t\t\t<\/div>\n\t\t\t\t<div class=\"elementor-element elementor-element-7ac0b09 elementor-widget elementor-widget-qbutton\" data-id=\"7ac0b09\" data-element_type=\"widget\" data-e-type=\"widget\" data-widget_type=\"qbutton.default\">\n\t\t\t\t<div class=\"elementor-widget-container\">\n\t\t\t\t\t<a href=\"https:\/\/workhub.pt\/armazens\" target=\"_self\"  class=\"qbutton \" style=\"\">Saber mais<\/a>\t\t\t\t<\/div>\n\t\t\t\t<\/div>\n\t\t\t\t\t<\/div>\n\t\t<\/div>\n\t\t\t\t\t<\/div>\n\t\t<\/section>\n\t\t\t\t<section class=\"elementor-section elementor-top-section elementor-element elementor-element-491bf3f1 elementor-section-content-middle elementor-section-boxed elementor-section-height-default elementor-section-height-default parallax_section_no qode_elementor_container_no qode-content-aligment-left\" data-id=\"491bf3f1\" data-element_type=\"section\" data-e-type=\"section\" data-settings=\"{&quot;background_background&quot;:&quot;classic&quot;}\">\n\t\t\t\t\t\t<div class=\"elementor-container elementor-column-gap-no\">\n\t\t\t\t\t<div class=\"elementor-column elementor-col-50 elementor-top-column elementor-element elementor-element-76350425\" data-id=\"76350425\" data-element_type=\"column\" data-e-type=\"column\">\n\t\t\t<div class=\"elementor-widget-wrap elementor-element-populated\">\n\t\t\t\t\t\t<div class=\"elementor-element elementor-element-1231115a elementor-widget elementor-widget-heading\" data-id=\"1231115a\" data-element_type=\"widget\" data-e-type=\"widget\" data-widget_type=\"heading.default\">\n\t\t\t\t<div class=\"elementor-widget-container\">\n\t\t\t\t\t<h2 class=\"elementor-heading-title elementor-size-default\">Queres saber mais sobre os nossos espa\u00e7os?<\/h2>\t\t\t\t<\/div>\n\t\t\t\t<\/div>\n\t\t\t\t<div class=\"elementor-element elementor-element-6c34137 elementor-widget elementor-widget-text-editor\" data-id=\"6c34137\" data-element_type=\"widget\" data-e-type=\"widget\" data-widget_type=\"text-editor.default\">\n\t\t\t\t<div class=\"elementor-widget-container\">\n\t\t\t\t\t\t\t\t\t<p>Vem conhecer e vamos descobrir a melhor solu\u00e7\u00e3o para a tua empresa<\/p>\t\t\t\t\t\t\t\t<\/div>\n\t\t\t\t<\/div>\n\t\t\t\t\t<\/div>\n\t\t<\/div>\n\t\t\t\t<div class=\"elementor-column elementor-col-50 elementor-top-column elementor-element elementor-element-11363d99\" data-id=\"11363d99\" data-element_type=\"column\" data-e-type=\"column\">\n\t\t\t<div class=\"elementor-widget-wrap elementor-element-populated\">\n\t\t\t\t\t\t<div class=\"elementor-element elementor-element-508b1aae elementor-widget elementor-widget-qbutton\" data-id=\"508b1aae\" data-element_type=\"widget\" data-e-type=\"widget\" data-widget_type=\"qbutton.default\">\n\t\t\t\t<div class=\"elementor-widget-container\">\n\t\t\t\t\t<a href=\"https:\/\/portal.workhub.pt\/tours\/locations\" target=\"_self\"  class=\"qbutton  display_dash\" style=\"\">Agendar visita<\/a>\t\t\t\t<\/div>\n\t\t\t\t<\/div>\n\t\t\t\t\t<\/div>\n\t\t<\/div>\n\t\t\t\t\t<\/div>\n\t\t<\/section>\n\t\t\t\t<section class=\"elementor-section elementor-top-section elementor-element elementor-element-f90c48d elementor-section-full_width elementor-section-height-default elementor-section-height-default parallax_section_no qode_elementor_container_no qode-content-aligment-left\" data-id=\"f90c48d\" data-element_type=\"section\" data-e-type=\"section\">\n\t\t\t\t\t\t<div class=\"elementor-container elementor-column-gap-default\">\n\t\t\t\t\t<div class=\"elementor-column elementor-col-50 elementor-top-column elementor-element elementor-element-7e8572c\" data-id=\"7e8572c\" data-element_type=\"column\" data-e-type=\"column\">\n\t\t\t<div class=\"elementor-widget-wrap elementor-element-populated\">\n\t\t\t\t\t\t<div class=\"elementor-element elementor-element-3df55e8 elementor-widget elementor-widget-image\" data-id=\"3df55e8\" data-element_type=\"widget\" data-e-type=\"widget\" data-widget_type=\"image.default\">\n\t\t\t\t<div class=\"elementor-widget-container\">\n\t\t\t\t\t\t\t\t\t\t\t\t\t\t\t<img loading=\"lazy\" decoding=\"async\" width=\"1024\" height=\"684\" src=\"https:\/\/workhub.pt\/wp-content\/uploads\/2024\/10\/workhub-lounge-1024x684.webp\" class=\"attachment-large size-large wp-image-271774\" alt=\"workhub lounge\" srcset=\"https:\/\/workhub.pt\/wp-content\/uploads\/2024\/10\/workhub-lounge-1024x684.webp 1024w, https:\/\/workhub.pt\/wp-content\/uploads\/2024\/10\/workhub-lounge-500x334.webp 500w, https:\/\/workhub.pt\/wp-content\/uploads\/2024\/10\/workhub-lounge-768x513.webp 768w, https:\/\/workhub.pt\/wp-content\/uploads\/2024\/10\/workhub-lounge-1536x1025.webp 1536w, https:\/\/workhub.pt\/wp-content\/uploads\/2024\/10\/workhub-lounge-18x12.webp 18w, https:\/\/workhub.pt\/wp-content\/uploads\/2024\/10\/workhub-lounge-700x467.webp 700w, https:\/\/workhub.pt\/wp-content\/uploads\/2024\/10\/workhub-lounge-1100x734.webp 1100w, https:\/\/workhub.pt\/wp-content\/uploads\/2024\/10\/workhub-lounge.webp 1618w\" sizes=\"(max-width: 1024px) 100vw, 1024px\" \/>\t\t\t\t\t\t\t\t\t\t\t\t\t\t\t<\/div>\n\t\t\t\t<\/div>\n\t\t\t\t\t<\/div>\n\t\t<\/div>\n\t\t\t\t<div class=\"elementor-column elementor-col-50 elementor-top-column elementor-element elementor-element-a10a731\" data-id=\"a10a731\" data-element_type=\"column\" data-e-type=\"column\">\n\t\t\t<div class=\"elementor-widget-wrap elementor-element-populated\">\n\t\t\t\t\t\t<div class=\"elementor-element elementor-element-8724db0 elementor-widget elementor-widget-heading\" data-id=\"8724db0\" data-element_type=\"widget\" data-e-type=\"widget\" data-widget_type=\"heading.default\">\n\t\t\t\t<div class=\"elementor-widget-container\">\n\t\t\t\t\t<h2 class=\"elementor-heading-title elementor-size-default\">O que nos distingue<\/h2>\t\t\t\t<\/div>\n\t\t\t\t<\/div>\n\t\t\t\t<div class=\"elementor-element elementor-element-629daf5 elementor-widget elementor-widget-text-editor\" data-id=\"629daf5\" data-element_type=\"widget\" data-e-type=\"widget\" data-widget_type=\"text-editor.default\">\n\t\t\t\t<div class=\"elementor-widget-container\">\n\t\t\t\t\t\t\t\t\t<p><b>\u2714\ufe0f Ambiente Pet-Friendly<\/b>: Trabalha ao lado do teu animal de estima\u00e7\u00e3o num espa\u00e7o acolhedor.<\/p><p><b>\u2714\ufe0f Sustentabilidade<\/b>: Promovemos pr\u00e1ticas ecol\u00f3gicas e incentivamos h\u00e1bitos saud\u00e1veis.<\/p><p><b>\u2714\ufe0f Comunidade Ativa<\/b>: Participa em brunches semanais e eventos de networking que fortalecem la\u00e7os profissionais.<\/p><p><b>\u2714\ufe0f Acessibilidade<\/b>: F\u00e1cil acesso por transportes p\u00fablicos, ciclovias e estacionamento gratuito nas proximidades.<\/p>\t\t\t\t\t\t\t\t<\/div>\n\t\t\t\t<\/div>\n\t\t\t\t\t<\/div>\n\t\t<\/div>\n\t\t\t\t\t<\/div>\n\t\t<\/section>\n\t\t\t\t<\/div>\n\t\t","protected":false},"excerpt":{"rendered":"<p>Coworking em Lisboa Nos nossos espa\u00e7os de trabalho partilhados, na Matinha e no Bra\u00e7o de Prata, proporcionamos ambientes de trabalho flex\u00edveis e inspiradores para todos: n\u00f3madas digitais, freelancers, trabalhadores remotos e empreendedores. Acreditamos que o conforto \u00e9 um aliado da produtividade e, por isso, temos v\u00e1rios espa\u00e7os partilhados: salas de&#8230;<\/p>","protected":false},"author":1,"featured_media":0,"parent":0,"menu_order":0,"comment_status":"closed","ping_status":"closed","template":"","meta":{"content-type":"","_sitemap_exclude":false,"_sitemap_priority":"","_sitemap_frequency":"","footnotes":""},"class_list":["post-22922","page","type-page","status-publish","hentry"],"aioseo_notices":[],"_links":{"self":[{"href":"https:\/\/workhub.pt\/en\/wp-json\/wp\/v2\/pages\/22922","targetHints":{"allow":["GET"]}}],"collection":[{"href":"https:\/\/workhub.pt\/en\/wp-json\/wp\/v2\/pages"}],"about":[{"href":"https:\/\/workhub.pt\/en\/wp-json\/wp\/v2\/types\/page"}],"author":[{"embeddable":true,"href":"https:\/\/workhub.pt\/en\/wp-json\/wp\/v2\/users\/1"}],"replies":[{"embeddable":true,"href":"https:\/\/workhub.pt\/en\/wp-json\/wp\/v2\/comments?post=22922"}],"version-history":[{"count":496,"href":"https:\/\/workhub.pt\/en\/wp-json\/wp\/v2\/pages\/22922\/revisions"}],"predecessor-version":[{"id":272831,"href":"https:\/\/workhub.pt\/en\/wp-json\/wp\/v2\/pages\/22922\/revisions\/272831"}],"wp:attachment":[{"href":"https:\/\/workhub.pt\/en\/wp-json\/wp\/v2\/media?parent=22922"}],"curies":[{"name":"wp","href":"https:\/\/api.w.org\/{rel}","templated":true}]}}