{"id":22347,"date":"2021-02-17T16:11:45","date_gmt":"2021-02-17T16:11:45","guid":{"rendered":"https:\/\/workhub.pt\/?page_id=22347"},"modified":"2025-07-17T15:02:10","modified_gmt":"2025-07-17T15:02:10","slug":"armazens","status":"publish","type":"page","link":"https:\/\/workhub.pt\/en\/armazens\/","title":{"rendered":"Self storage warehouses"},"content":{"rendered":"<div data-elementor-type=\"wp-page\" data-elementor-id=\"22347\" class=\"elementor elementor-22347\">\n\t\t\t\t\t\t<section class=\"elementor-section elementor-top-section elementor-element elementor-element-7b6d887f elementor-section-stretched elementor-section-full_width elementor-section-height-default elementor-section-height-default parallax_section_no qode_elementor_container_no qode-content-aligment-left\" data-id=\"7b6d887f\" data-element_type=\"section\" data-e-type=\"section\" data-settings=\"{&quot;stretch_section&quot;:&quot;section-stretched&quot;,&quot;background_background&quot;:&quot;classic&quot;}\">\n\t\t\t\t\t\t<div class=\"elementor-container elementor-column-gap-default\">\n\t\t\t\t\t<div class=\"elementor-column elementor-col-100 elementor-top-column elementor-element elementor-element-3f942a7\" data-id=\"3f942a7\" data-element_type=\"column\" data-e-type=\"column\">\n\t\t\t<div class=\"elementor-widget-wrap elementor-element-populated\">\n\t\t\t\t\t\t<section class=\"elementor-section elementor-inner-section elementor-element elementor-element-1673d55b elementor-section-full_width elementor-section-height-default elementor-section-height-default parallax_section_no qode_elementor_container_no qode-content-aligment-left\" data-id=\"1673d55b\" data-element_type=\"section\" data-e-type=\"section\">\n\t\t\t\t\t\t<div class=\"elementor-container elementor-column-gap-default\">\n\t\t\t\t\t<div class=\"elementor-column elementor-col-50 elementor-inner-column elementor-element elementor-element-7d2d1e6e\" data-id=\"7d2d1e6e\" data-element_type=\"column\" data-e-type=\"column\">\n\t\t\t<div class=\"elementor-widget-wrap elementor-element-populated\">\n\t\t\t\t\t\t<div class=\"elementor-element elementor-element-4394c69b elementor-widget elementor-widget-heading\" data-id=\"4394c69b\" data-element_type=\"widget\" data-e-type=\"widget\" data-widget_type=\"heading.default\">\n\t\t\t\t<div class=\"elementor-widget-container\">\n\t\t\t\t\t<h1 class=\"elementor-heading-title elementor-size-default\">Self storage warehouses<\/h1>\t\t\t\t<\/div>\n\t\t\t\t<\/div>\n\t\t\t\t<div class=\"elementor-element elementor-element-292c7046 elementor-widget elementor-widget-text-editor\" data-id=\"292c7046\" data-element_type=\"widget\" data-e-type=\"widget\" data-widget_type=\"text-editor.default\">\n\t\t\t\t<div class=\"elementor-widget-container\">\n\t\t\t\t\t\t\t\t\t<p>We've opened a self-storage warehouse area adjacent to our offices and coworking space. This centralizes all services in a single space. <a href=\"https:\/\/workhub.pt\/en\/contacto\/\">Contact us<\/a><\/p>\t\t\t\t\t\t\t\t<\/div>\n\t\t\t\t<\/div>\n\t\t\t\t<div class=\"elementor-element elementor-element-2ec9b037 elementor-widget elementor-widget-qbutton\" data-id=\"2ec9b037\" data-element_type=\"widget\" data-e-type=\"widget\" data-widget_type=\"qbutton.default\">\n\t\t\t\t<div class=\"elementor-widget-container\">\n\t\t\t\t\t<a href=\"https:\/\/portal.workhub.pt\/tours\/locations\" target=\"_self\"  class=\"qbutton  display_dash\" style=\"\">book a tour<\/a>\t\t\t\t<\/div>\n\t\t\t\t<\/div>\n\t\t\t\t\t<\/div>\n\t\t<\/div>\n\t\t\t\t<div class=\"elementor-column elementor-col-50 elementor-inner-column elementor-element elementor-element-7ff7e842\" data-id=\"7ff7e842\" data-element_type=\"column\" data-e-type=\"column\">\n\t\t\t<div class=\"elementor-widget-wrap elementor-element-populated\">\n\t\t\t\t\t\t<div class=\"elementor-element elementor-element-10c3a010 elementor-widget__width-initial elementor-widget elementor-widget-image\" data-id=\"10c3a010\" data-element_type=\"widget\" data-e-type=\"widget\" data-widget_type=\"image.default\">\n\t\t\t\t<div class=\"elementor-widget-container\">\n\t\t\t\t\t\t\t\t\t\t\t\t\t\t\t<img fetchpriority=\"high\" decoding=\"async\" width=\"2048\" height=\"1024\" src=\"https:\/\/workhub.pt\/wp-content\/uploads\/2024\/11\/Pag_-18-2048x1024.webp\" class=\"attachment-2048x2048 size-2048x2048 wp-image-272386\" alt=\"Lisbon WorkHub Matinha Armaz\u00e9ns\" srcset=\"https:\/\/workhub.pt\/wp-content\/uploads\/2024\/11\/Pag_-18-2048x1024.webp 2048w, https:\/\/workhub.pt\/wp-content\/uploads\/2024\/11\/Pag_-18-500x250.webp 500w, https:\/\/workhub.pt\/wp-content\/uploads\/2024\/11\/Pag_-18-1024x512.webp 1024w, https:\/\/workhub.pt\/wp-content\/uploads\/2024\/11\/Pag_-18-768x384.webp 768w, https:\/\/workhub.pt\/wp-content\/uploads\/2024\/11\/Pag_-18-1536x768.webp 1536w, https:\/\/workhub.pt\/wp-content\/uploads\/2024\/11\/Pag_-18-18x9.webp 18w, https:\/\/workhub.pt\/wp-content\/uploads\/2024\/11\/Pag_-18-1000x500.webp 1000w, https:\/\/workhub.pt\/wp-content\/uploads\/2024\/11\/Pag_-18-700x350.webp 700w, https:\/\/workhub.pt\/wp-content\/uploads\/2024\/11\/Pag_-18-1100x550.webp 1100w, https:\/\/workhub.pt\/wp-content\/uploads\/2024\/11\/Pag_-18-1300x650.webp 1300w\" sizes=\"(max-width: 2048px) 100vw, 2048px\" \/>\t\t\t\t\t\t\t\t\t\t\t\t\t\t\t<\/div>\n\t\t\t\t<\/div>\n\t\t\t\t\t<\/div>\n\t\t<\/div>\n\t\t\t\t\t<\/div>\n\t\t<\/section>\n\t\t\t\t\t<\/div>\n\t\t<\/div>\n\t\t\t\t\t<\/div>\n\t\t<\/section>\n\t\t\t\t<section class=\"elementor-section elementor-top-section elementor-element elementor-element-9099ec4 elementor-section-boxed elementor-section-height-default elementor-section-height-default parallax_section_no qode_elementor_container_no qode-content-aligment-left\" data-id=\"9099ec4\" data-element_type=\"section\" data-e-type=\"section\">\n\t\t\t\t\t\t<div class=\"elementor-container elementor-column-gap-default\">\n\t\t\t\t\t<div class=\"elementor-column elementor-col-33 elementor-top-column elementor-element elementor-element-bfc5695\" data-id=\"bfc5695\" data-element_type=\"column\" data-e-type=\"column\">\n\t\t\t<div class=\"elementor-widget-wrap elementor-element-populated\">\n\t\t\t\t\t\t<div class=\"elementor-element elementor-element-6709fc44 elementor-widget elementor-widget-text-editor\" data-id=\"6709fc44\" data-element_type=\"widget\" data-e-type=\"widget\" data-widget_type=\"text-editor.default\">\n\t\t\t\t<div class=\"elementor-widget-container\">\n\t\t\t\t\t\t\t\t\t<h4>Small box<\/h4><div>\u00a0<\/div><p><span style=\"letter-spacing: var( --e-global-typography-cad1cd6-letter-spacing );\">With 6sqm it is ideal for storing your accounting files.<\/span><\/p><p><span style=\"color: var( --e-global-color-text ); font-family: Montserrat, sans-serif; font-size: 22px; font-weight: 600; letter-spacing: -0.4px;\">120\u20ac \/ month<\/span><\/p>\t\t\t\t\t\t\t\t<\/div>\n\t\t\t\t<\/div>\n\t\t\t\t\t<\/div>\n\t\t<\/div>\n\t\t\t\t<div class=\"elementor-column elementor-col-33 elementor-top-column elementor-element elementor-element-5c473707\" data-id=\"5c473707\" data-element_type=\"column\" data-e-type=\"column\">\n\t\t\t<div class=\"elementor-widget-wrap elementor-element-populated\">\n\t\t\t\t\t\t<div class=\"elementor-element elementor-element-b9b2076 elementor-widget elementor-widget-text-editor\" data-id=\"b9b2076\" data-element_type=\"widget\" data-e-type=\"widget\" data-widget_type=\"text-editor.default\">\n\t\t\t\t<div class=\"elementor-widget-container\">\n\t\t\t\t\t\t\t\t\t<h4>Medium box<\/h4><div>\u00a0<\/div><p><span style=\"letter-spacing: var( --e-global-typography-cad1cd6-letter-spacing );\">A space for\u00a0<\/span><span style=\"letter-spacing: 0.7px; background-color: #ffffff; word-spacing: var( --e-global-typography-cad1cd6-word-spacing );\">hide what no one wants at home.\u00a0<\/span><\/p><p><span style=\"color: var( --e-global-color-text ); font-family: Montserrat, sans-serif; font-size: 22px; font-weight: 600; letter-spacing: -0.4px;\">175\u20ac \/ m\u00eas<\/span><\/p>\t\t\t\t\t\t\t\t<\/div>\n\t\t\t\t<\/div>\n\t\t\t\t\t<\/div>\n\t\t<\/div>\n\t\t\t\t<div class=\"elementor-column elementor-col-33 elementor-top-column elementor-element elementor-element-76f590ea\" data-id=\"76f590ea\" data-element_type=\"column\" data-e-type=\"column\">\n\t\t\t<div class=\"elementor-widget-wrap elementor-element-populated\">\n\t\t\t\t\t\t<div class=\"elementor-element elementor-element-2363cc3d elementor-widget elementor-widget-text-editor\" data-id=\"2363cc3d\" data-element_type=\"widget\" data-e-type=\"widget\" data-widget_type=\"text-editor.default\">\n\t\t\t\t<div class=\"elementor-widget-container\">\n\t\t\t\t\t\t\t\t\t<h4>Large box<\/h4><div>\u00a0<\/div><p><span style=\"letter-spacing: var( --e-global-typography-cad1cd6-letter-spacing );\">Warehouses from 15sqm to manage\u00a0<\/span><span style=\"letter-spacing: 0.7px; background-color: #ffffff; word-spacing: var( --e-global-typography-cad1cd6-word-spacing );\">your company's stock.<\/span><\/p><p><span style=\"color: var( --e-global-color-text ); font-family: Montserrat, sans-serif; font-size: 22px; font-weight: 600; letter-spacing: -0.4px;\">from 225\u20ac \/ month<\/span><\/p>\t\t\t\t\t\t\t\t<\/div>\n\t\t\t\t<\/div>\n\t\t\t\t\t<\/div>\n\t\t<\/div>\n\t\t\t\t\t<\/div>\n\t\t<\/section>\n\t\t\t\t<section class=\"elementor-section elementor-top-section elementor-element elementor-element-389da113 elementor-section-boxed elementor-section-height-default elementor-section-height-default parallax_section_no qode_elementor_container_no qode-content-aligment-left\" data-id=\"389da113\" data-element_type=\"section\" data-e-type=\"section\">\n\t\t\t\t\t\t<div class=\"elementor-container elementor-column-gap-default\">\n\t\t\t\t\t<div class=\"elementor-column elementor-col-50 elementor-top-column elementor-element elementor-element-649ecc60\" data-id=\"649ecc60\" data-element_type=\"column\" data-e-type=\"column\">\n\t\t\t<div class=\"elementor-widget-wrap elementor-element-populated\">\n\t\t\t\t\t\t<div class=\"elementor-element elementor-element-1ba99370 elementor-widget elementor-widget-text-editor\" data-id=\"1ba99370\" data-element_type=\"widget\" data-e-type=\"widget\" data-widget_type=\"text-editor.default\">\n\t\t\t\t<div class=\"elementor-widget-container\">\n\t\t\t\t\t\t\t\t\t<h4>Amenities included<\/h4>\t\t\t\t\t\t\t\t<\/div>\n\t\t\t\t<\/div>\n\t\t\t\t<div class=\"elementor-element elementor-element-283e847 elementor-widget elementor-widget-text-editor\" data-id=\"283e847\" data-element_type=\"widget\" data-e-type=\"widget\" data-widget_type=\"text-editor.default\">\n\t\t\t\t<div class=\"elementor-widget-container\">\n\t\t\t\t\t\t\t\t\t<p>If you need to receive mail and packages, have a pick up point, or a space to work from time to time, next to our warehouses you will find our coworking space.\u00a0<\/p>\t\t\t\t\t\t\t\t<\/div>\n\t\t\t\t<\/div>\n\t\t\t\t<div class=\"elementor-element elementor-element-2884970 elementor-widget elementor-widget-qbutton\" data-id=\"2884970\" data-element_type=\"widget\" data-e-type=\"widget\" data-widget_type=\"qbutton.default\">\n\t\t\t\t<div class=\"elementor-widget-container\">\n\t\t\t\t\t<a href=\"https:\/\/portal.workhub.pt\/tours\/locations\" target=\"_self\"  class=\"qbutton\" style=\"\">book tour<\/a>\t\t\t\t<\/div>\n\t\t\t\t<\/div>\n\t\t\t\t\t<\/div>\n\t\t<\/div>\n\t\t\t\t<div class=\"elementor-column elementor-col-50 elementor-top-column elementor-element elementor-element-f4473e7\" data-id=\"f4473e7\" data-element_type=\"column\" data-e-type=\"column\">\n\t\t\t<div class=\"elementor-widget-wrap elementor-element-populated\">\n\t\t\t\t\t\t<div class=\"elementor-element elementor-element-7780653 elementor-align-start elementor-icon-list--layout-traditional elementor-list-item-link-full_width elementor-widget elementor-widget-icon-list\" data-id=\"7780653\" data-element_type=\"widget\" data-e-type=\"widget\" data-widget_type=\"icon-list.default\">\n\t\t\t\t<div class=\"elementor-widget-container\">\n\t\t\t\t\t\t\t<ul class=\"elementor-icon-list-items\">\n\t\t\t\t\t\t\t<li class=\"elementor-icon-list-item\">\n\t\t\t\t\t\t\t\t\t\t\t<span class=\"elementor-icon-list-icon\">\n\t\t\t\t\t\t\t<i aria-hidden=\"true\" class=\"far fa-building\"><\/i>\t\t\t\t\t\t<\/span>\n\t\t\t\t\t\t\t\t\t\t<span class=\"elementor-icon-list-text\">Ground floor with easy access<\/span>\n\t\t\t\t\t\t\t\t\t<\/li>\n\t\t\t\t\t\t\t\t<li class=\"elementor-icon-list-item\">\n\t\t\t\t\t\t\t\t\t\t\t<span class=\"elementor-icon-list-icon\">\n\t\t\t\t\t\t\t<i aria-hidden=\"true\" class=\"fas fa-truck\"><\/i>\t\t\t\t\t\t<\/span>\n\t\t\t\t\t\t\t\t\t\t<span class=\"elementor-icon-list-text\">Loading area<\/span>\n\t\t\t\t\t\t\t\t\t<\/li>\n\t\t\t\t\t\t\t\t<li class=\"elementor-icon-list-item\">\n\t\t\t\t\t\t\t\t\t\t\t<span class=\"elementor-icon-list-icon\">\n\t\t\t\t\t\t\t<i aria-hidden=\"true\" class=\"fas fa-parking\"><\/i>\t\t\t\t\t\t<\/span>\n\t\t\t\t\t\t\t\t\t\t<span class=\"elementor-icon-list-text\">Free public parking<\/span>\n\t\t\t\t\t\t\t\t\t<\/li>\n\t\t\t\t\t\t\t\t<li class=\"elementor-icon-list-item\">\n\t\t\t\t\t\t\t\t\t\t\t<span class=\"elementor-icon-list-icon\">\n\t\t\t\t\t\t\t<i aria-hidden=\"true\" class=\"far fa-clock\"><\/i>\t\t\t\t\t\t<\/span>\n\t\t\t\t\t\t\t\t\t\t<span class=\"elementor-icon-list-text\">24h access, 365 days <\/span>\n\t\t\t\t\t\t\t\t\t<\/li>\n\t\t\t\t\t\t\t\t<li class=\"elementor-icon-list-item\">\n\t\t\t\t\t\t\t\t\t\t\t<span class=\"elementor-icon-list-icon\">\n\t\t\t\t\t\t\t<i aria-hidden=\"true\" class=\"fas fa-video\"><\/i>\t\t\t\t\t\t<\/span>\n\t\t\t\t\t\t\t\t\t\t<span class=\"elementor-icon-list-text\">Alarm and CCTV<\/span>\n\t\t\t\t\t\t\t\t\t<\/li>\n\t\t\t\t\t\t\t\t<li class=\"elementor-icon-list-item\">\n\t\t\t\t\t\t\t\t\t\t\t<span class=\"elementor-icon-list-icon\">\n\t\t\t\t\t\t\t<i aria-hidden=\"true\" class=\"fas fa-lock\"><\/i>\t\t\t\t\t\t<\/span>\n\t\t\t\t\t\t\t\t\t\t<span class=\"elementor-icon-list-text\">Insurance included<\/span>\n\t\t\t\t\t\t\t\t\t<\/li>\n\t\t\t\t\t\t<\/ul>\n\t\t\t\t\t\t<\/div>\n\t\t\t\t<\/div>\n\t\t\t\t\t<\/div>\n\t\t<\/div>\n\t\t\t\t\t<\/div>\n\t\t<\/section>\n\t\t\t\t<\/div>","protected":false},"excerpt":{"rendered":"<p>Armaz\u00e9ns self-storage Abrimos portas a uma zona de Armaz\u00e9ns self-storage anexo aos escrit\u00f3rios e coworking. Centraliza todos os servi\u00e7os no mesmo espa\u00e7o. Contacta-nos agendar visita Armaz\u00e9m XS \u00a0 Com 6m2 \u00e9 ideal para guardares o arquivo da contabilidade. 120\u20ac \/ m\u00eas Armaz\u00e9m M \u00a0 Um espa\u00e7o para\u00a0esconderes o que ningu\u00e9m&#8230;<\/p>","protected":false},"author":1,"featured_media":22800,"parent":0,"menu_order":0,"comment_status":"closed","ping_status":"closed","template":"","meta":{"content-type":"","_sitemap_exclude":false,"_sitemap_priority":"","_sitemap_frequency":"","footnotes":""},"class_list":["post-22347","page","type-page","status-publish","has-post-thumbnail","hentry"],"aioseo_notices":[],"_links":{"self":[{"href":"https:\/\/workhub.pt\/en\/wp-json\/wp\/v2\/pages\/22347","targetHints":{"allow":["GET"]}}],"collection":[{"href":"https:\/\/workhub.pt\/en\/wp-json\/wp\/v2\/pages"}],"about":[{"href":"https:\/\/workhub.pt\/en\/wp-json\/wp\/v2\/types\/page"}],"author":[{"embeddable":true,"href":"https:\/\/workhub.pt\/en\/wp-json\/wp\/v2\/users\/1"}],"replies":[{"embeddable":true,"href":"https:\/\/workhub.pt\/en\/wp-json\/wp\/v2\/comments?post=22347"}],"version-history":[{"count":232,"href":"https:\/\/workhub.pt\/en\/wp-json\/wp\/v2\/pages\/22347\/revisions"}],"predecessor-version":[{"id":272716,"href":"https:\/\/workhub.pt\/en\/wp-json\/wp\/v2\/pages\/22347\/revisions\/272716"}],"wp:featuredmedia":[{"embeddable":true,"href":"https:\/\/workhub.pt\/en\/wp-json\/wp\/v2\/media\/22800"}],"wp:attachment":[{"href":"https:\/\/workhub.pt\/en\/wp-json\/wp\/v2\/media?parent=22347"}],"curies":[{"name":"wp","href":"https:\/\/api.w.org\/{rel}","templated":true}]}}