{"id":22290,"date":"2021-02-10T15:47:13","date_gmt":"2021-02-10T15:47:13","guid":{"rendered":"https:\/\/workhub.pt\/?page_id=22290"},"modified":"2025-08-02T14:14:52","modified_gmt":"2025-08-02T14:14:52","slug":"contacto","status":"publish","type":"page","link":"https:\/\/workhub.pt\/en\/contacto\/","title":{"rendered":"Contact"},"content":{"rendered":"<div data-elementor-type=\"wp-page\" data-elementor-id=\"22290\" class=\"elementor elementor-22290\">\n\t\t\t\t\t\t<section class=\"elementor-section elementor-top-section elementor-element elementor-element-f3216e2 elementor-section-full_width elementor-section-stretched elementor-section-height-default elementor-section-height-default parallax_section_no qode_elementor_container_no qode-content-aligment-left\" data-id=\"f3216e2\" data-element_type=\"section\" data-e-type=\"section\" data-settings=\"{&quot;stretch_section&quot;:&quot;section-stretched&quot;}\">\n\t\t\t\t\t\t<div class=\"elementor-container elementor-column-gap-default\">\n\t\t\t\t\t<div class=\"elementor-column elementor-col-100 elementor-top-column elementor-element elementor-element-321c536\" data-id=\"321c536\" data-element_type=\"column\" data-e-type=\"column\">\n\t\t\t<div class=\"elementor-widget-wrap elementor-element-populated\">\n\t\t\t\t\t\t<div class=\"elementor-element elementor-element-3427bce elementor-widget elementor-widget-heading\" data-id=\"3427bce\" data-element_type=\"widget\" data-e-type=\"widget\" data-widget_type=\"heading.default\">\n\t\t\t\t<div class=\"elementor-widget-container\">\n\t\t\t\t\t<h1 class=\"elementor-heading-title elementor-size-default\">Procuras um espa\u00e7o <br>com servi\u00e7os partilhados em Lisboa?<\/h1>\t\t\t\t<\/div>\n\t\t\t\t<\/div>\n\t\t\t\t\t<\/div>\n\t\t<\/div>\n\t\t\t\t\t<\/div>\n\t\t<\/section>\n\t\t\t\t<section class=\"elementor-section elementor-top-section elementor-element elementor-element-166dbf1 elementor-section-boxed elementor-section-height-default elementor-section-height-default parallax_section_no qode_elementor_container_no qode-content-aligment-left\" data-id=\"166dbf1\" data-element_type=\"section\" data-e-type=\"section\">\n\t\t\t\t\t\t<div class=\"elementor-container elementor-column-gap-default\">\n\t\t\t\t\t<div class=\"elementor-column elementor-col-100 elementor-top-column elementor-element elementor-element-121af53\" data-id=\"121af53\" data-element_type=\"column\" data-e-type=\"column\">\n\t\t\t<div class=\"elementor-widget-wrap elementor-element-populated\">\n\t\t\t\t\t\t<div class=\"elementor-element elementor-element-d9dc419 elementor-widget elementor-widget-heading\" data-id=\"d9dc419\" data-element_type=\"widget\" data-e-type=\"widget\" data-widget_type=\"heading.default\">\n\t\t\t\t<div class=\"elementor-widget-container\">\n\t\t\t\t\t<h2 class=\"elementor-heading-title elementor-size-default\">Get in touch or visit us<\/h2>\t\t\t\t<\/div>\n\t\t\t\t<\/div>\n\t\t\t\t\t<\/div>\n\t\t<\/div>\n\t\t\t\t\t<\/div>\n\t\t<\/section>\n\t\t\t\t<section class=\"elementor-section elementor-top-section elementor-element elementor-element-4712bdc elementor-section-full_width elementor-section-height-default elementor-section-height-default parallax_section_no qode_elementor_container_no qode-content-aligment-left\" data-id=\"4712bdc\" data-element_type=\"section\" data-e-type=\"section\">\n\t\t\t\t\t\t<div class=\"elementor-container elementor-column-gap-default\">\n\t\t\t\t\t<div class=\"elementor-column elementor-col-50 elementor-top-column elementor-element elementor-element-cb3ced6\" data-id=\"cb3ced6\" data-element_type=\"column\" data-e-type=\"column\">\n\t\t\t<div class=\"elementor-widget-wrap elementor-element-populated\">\n\t\t\t\t\t\t<div class=\"elementor-element elementor-element-386bee4 elementor-widget__width-initial elementor-widget elementor-widget-text-editor\" data-id=\"386bee4\" data-element_type=\"widget\" data-e-type=\"widget\" data-widget_type=\"text-editor.default\">\n\t\t\t\t<div class=\"elementor-widget-container\">\n\t\t\t\t\t\t\t\t\t<p>Sabe mais sobre os nossos planos de coworking em lisboa. Podes telefonar, enviar uma mensagem, um whatsapp, um email, uma carta ou um pombo correio. N\u00f3s respondemos.\u00a0<\/p><p>Preenche o formul\u00e1rio para percebermos que tipo de solu\u00e7\u00e3o \u00e9 a mais adequada para a tua empresa e enviaremos um email com a maior brevidade.<\/p><p>Em alternativa contacta-nos directamente:<\/p><p>Phone: <a href=\"https:\/\/wa.me\/351919877499\">+351 919 877 499<\/a><\/p><p>Email: <a href=\"mailto:lisbon@workhub.pt\">lisbon@workhub.pt<\/a><\/p><p style=\"caret-color: #000000; color: #000000; letter-spacing: normal;\">Hor\u00e1rio de funcionamento:\u00a0dias \u00fateis das 9h \u00e0s 18h\u00a0<\/p><p><span style=\"caret-color: #999999;\">Quer venhas do Parque das Na\u00e7\u00f5es, do Lumiar ou de Santa Apol\u00f3nia, tens v\u00e1rios acessos r\u00e1pidos.\u00a0<\/span><\/p><p><span style=\"caret-color: #999999;\"><b>Parking<\/b>:<b>\u00a0<\/b>p\u00fablico gratuito (rack para bicicletas)<\/span><\/p><p><span style=\"letter-spacing: var( --e-global-typography-cad1cd6-letter-spacing ); word-spacing: var( --e-global-typography-cad1cd6-word-spacing ); caret-color: #999999;\"><b>T<\/b><\/span><span style=\"letter-spacing: var( --e-global-typography-cad1cd6-letter-spacing ); word-spacing: var( --e-global-typography-cad1cd6-word-spacing ); caret-color: #999999; background-color: #ffffff;\"><b>rain<\/b>: paragem do <a href=\"https:\/\/maps.app.goo.gl\/Bx7imiU8wykPfbP39\">Bra\u00e7o de Prata\u00a0<\/a><\/span><\/p><p><span style=\"letter-spacing: var( --e-global-typography-cad1cd6-letter-spacing ); word-spacing: var( --e-global-typography-cad1cd6-word-spacing ); caret-color: #999999; background-color: #ffffff;\"><b>Bus<\/b>: 728, 750, 26B, 210 e 781<\/span><\/p><p><span style=\"caret-color: #999999; letter-spacing: 0.7px;\">Se quiseres reduzir a tua pegada ecol\u00f3gica h\u00e1 uma ciclovia\u00a0e temos parques para a tua bicicleta em cada um dos espa\u00e7os!<\/span><\/p>\t\t\t\t\t\t\t\t<\/div>\n\t\t\t\t<\/div>\n\t\t\t\t\t<\/div>\n\t\t<\/div>\n\t\t\t\t<div class=\"elementor-column elementor-col-50 elementor-top-column elementor-element elementor-element-5f5545b\" data-id=\"5f5545b\" data-element_type=\"column\" data-e-type=\"column\">\n\t\t\t<div class=\"elementor-widget-wrap elementor-element-populated\">\n\t\t\t\t\t\t<div class=\"elementor-element elementor-element-c84bbf2 elementor-widget elementor-widget-stockholm_cf_7\" data-id=\"c84bbf2\" data-element_type=\"widget\" data-e-type=\"widget\" data-widget_type=\"stockholm_cf_7.default\">\n\t\t\t\t<div class=\"elementor-widget-container\">\n\t\t\t\t\t    <div class=\"qode-contact-form-7 qode-contact-form-7-0\">\n    \n<div class=\"wpcf7 no-js\" id=\"wpcf7-f270907-o1\" lang=\"en-US\" dir=\"ltr\" data-wpcf7-id=\"270907\">\n<div class=\"screen-reader-response\"><p role=\"status\" aria-live=\"polite\" aria-atomic=\"true\"><\/p> <ul><\/ul><\/div>\n<form action=\"\/en\/wp-json\/wp\/v2\/pages\/22290#wpcf7-f270907-o1\" method=\"post\" class=\"wpcf7-form init cf7_custom_style_1\" aria-label=\"Contact form\" novalidate=\"novalidate\" data-status=\"init\" data-trp-original-action=\"\/en\/wp-json\/wp\/v2\/pages\/22290#wpcf7-f270907-o1\">\n<fieldset class=\"hidden-fields-container\"><input type=\"hidden\" name=\"_wpcf7\" value=\"270907\" \/><input type=\"hidden\" name=\"_wpcf7_version\" value=\"6.1.5\" \/><input type=\"hidden\" name=\"_wpcf7_locale\" value=\"en_US\" \/><input type=\"hidden\" name=\"_wpcf7_unit_tag\" value=\"wpcf7-f270907-o1\" \/><input type=\"hidden\" name=\"_wpcf7_container_post\" value=\"0\" \/><input type=\"hidden\" name=\"_wpcf7_posted_data_hash\" value=\"\" \/>\n<\/fieldset>\n<div class=\"wpcf7-turnstile cf-turnstile\" data-sitekey=\"0x4AAAAAAAQtGcA1rRJd5hyh\" data-response-field-name=\"_wpcf7_turnstile_response\"><\/div>\n\n<label><span class=\"wpcf7-form-control-wrap\" data-name=\"your-name\"><input size=\"40\" maxlength=\"400\" class=\"wpcf7-form-control wpcf7-text wpcf7-validates-as-required\" aria-required=\"true\" aria-invalid=\"false\" placeholder=\"Name\" value=\"\" type=\"text\" name=\"your-name\" \/><\/span><\/label>\n<label><span class=\"wpcf7-form-control-wrap\" data-name=\"your-email\"><input size=\"40\" maxlength=\"400\" class=\"wpcf7-form-control wpcf7-email wpcf7-validates-as-required wpcf7-text wpcf7-validates-as-email\" aria-required=\"true\" aria-invalid=\"false\" placeholder=\"Email\" value=\"\" type=\"email\" name=\"your-email\" \/><\/span><\/label>\n<label><span class=\"wpcf7-form-control-wrap\" data-name=\"tel-155\"><input size=\"40\" maxlength=\"400\" class=\"wpcf7-form-control wpcf7-tel wpcf7-text wpcf7-validates-as-tel\" aria-invalid=\"false\" placeholder=\"Phone\" value=\"\" type=\"tel\" name=\"tel-155\" \/><\/span><\/label>\n<label><span class=\"wpcf7-form-control-wrap\" data-name=\"your-message\"><textarea cols=\"40\" rows=\"10\" maxlength=\"90\" class=\"wpcf7-form-control wpcf7-textarea\" aria-invalid=\"false\" placeholder=\"Message\" name=\"your-message\"><\/textarea><\/span><\/label>\n<input class=\"wpcf7-form-control wpcf7-submit has-spinner\" type=\"submit\" value=\"Send\" \/><div class=\"wpcf7-response-output\" aria-hidden=\"true\"><\/div>\n<input type=\"hidden\" name=\"trp-form-language\" value=\"en\"\/><\/form>\n<\/div>\n    <\/div>\n\t\t\t\t<\/div>\n\t\t\t\t<\/div>\n\t\t\t\t\t<\/div>\n\t\t<\/div>\n\t\t\t\t\t<\/div>\n\t\t<\/section>\n\t\t\t\t<section class=\"elementor-section elementor-top-section elementor-element elementor-element-88339b3 elementor-section-boxed elementor-section-height-default elementor-section-height-default parallax_section_no qode_elementor_container_no qode-content-aligment-left\" data-id=\"88339b3\" data-element_type=\"section\" data-e-type=\"section\">\n\t\t\t\t\t\t<div class=\"elementor-container elementor-column-gap-default\">\n\t\t\t\t\t<div class=\"elementor-column elementor-col-100 elementor-top-column elementor-element elementor-element-6505b53\" data-id=\"6505b53\" data-element_type=\"column\" data-e-type=\"column\">\n\t\t\t<div class=\"elementor-widget-wrap\">\n\t\t\t\t\t\t\t<\/div>\n\t\t<\/div>\n\t\t\t\t\t<\/div>\n\t\t<\/section>\n\t\t\t\t<section class=\"elementor-section elementor-top-section elementor-element elementor-element-25fea88 elementor-section-boxed elementor-section-height-default elementor-section-height-default parallax_section_no qode_elementor_container_no qode-content-aligment-left\" data-id=\"25fea88\" data-element_type=\"section\" data-e-type=\"section\">\n\t\t\t\t\t\t<div class=\"elementor-container elementor-column-gap-default\">\n\t\t\t\t\t<div class=\"elementor-column elementor-col-50 elementor-top-column elementor-element elementor-element-d57ae54\" data-id=\"d57ae54\" data-element_type=\"column\" data-e-type=\"column\">\n\t\t\t<div class=\"elementor-widget-wrap elementor-element-populated\">\n\t\t\t\t\t\t<div class=\"elementor-element elementor-element-191ae4e elementor-widget elementor-widget-image\" data-id=\"191ae4e\" data-element_type=\"widget\" data-e-type=\"widget\" data-widget_type=\"image.default\">\n\t\t\t\t<div class=\"elementor-widget-container\">\n\t\t\t\t\t\t\t\t\t\t\t\t\t\t\t<img fetchpriority=\"high\" decoding=\"async\" width=\"1024\" height=\"684\" src=\"https:\/\/workhub.pt\/wp-content\/uploads\/2024\/11\/workhub-matinha-fachada-1-1024x684.webp\" class=\"attachment-large size-large wp-image-272364\" alt=\"workhub matinha fachada\" srcset=\"https:\/\/workhub.pt\/wp-content\/uploads\/2024\/11\/workhub-matinha-fachada-1-1024x684.webp 1024w, https:\/\/workhub.pt\/wp-content\/uploads\/2024\/11\/workhub-matinha-fachada-1-500x334.webp 500w, https:\/\/workhub.pt\/wp-content\/uploads\/2024\/11\/workhub-matinha-fachada-1-768x513.webp 768w, https:\/\/workhub.pt\/wp-content\/uploads\/2024\/11\/workhub-matinha-fachada-1-1536x1025.webp 1536w, https:\/\/workhub.pt\/wp-content\/uploads\/2024\/11\/workhub-matinha-fachada-1-18x12.webp 18w, https:\/\/workhub.pt\/wp-content\/uploads\/2024\/11\/workhub-matinha-fachada-1-700x467.webp 700w, https:\/\/workhub.pt\/wp-content\/uploads\/2024\/11\/workhub-matinha-fachada-1-1100x734.webp 1100w, https:\/\/workhub.pt\/wp-content\/uploads\/2024\/11\/workhub-matinha-fachada-1.webp 1618w\" sizes=\"(max-width: 1024px) 100vw, 1024px\" \/>\t\t\t\t\t\t\t\t\t\t\t\t\t\t\t<\/div>\n\t\t\t\t<\/div>\n\t\t\t\t<div class=\"elementor-element elementor-element-646d51b elementor-widget__width-initial elementor-widget elementor-widget-text-editor\" data-id=\"646d51b\" data-element_type=\"widget\" data-e-type=\"widget\" data-widget_type=\"text-editor.default\">\n\t\t\t\t<div class=\"elementor-widget-container\">\n\t\t\t\t\t\t\t\t\t<h3>WorkHub Matinha<\/h3><p>Coworking, Escrit\u00f3rios e Armaz\u00e9ns<\/p><p style=\"caret-color: #000000; color: #000000; letter-spacing: normal;\"><strong><a href=\"https:\/\/g.page\/lisbonworkhub\" target=\"_blank\" rel=\"noopener noreferrer\">Praceta da Tabaqueira A2,\u00a0<\/a><a href=\"https:\/\/g.page\/lisbonworkhub\" target=\"_blank\" rel=\"noopener noreferrer\">1950-256 Lisboa<\/a><\/strong><\/p><p style=\"caret-color: #000000; color: #000000; letter-spacing: normal;\">Phone: +351 218 680 636<\/p>\t\t\t\t\t\t\t\t<\/div>\n\t\t\t\t<\/div>\n\t\t\t\t<div class=\"elementor-element elementor-element-a6eb6d3 elementor-widget elementor-widget-google_maps\" data-id=\"a6eb6d3\" data-element_type=\"widget\" data-e-type=\"widget\" data-widget_type=\"google_maps.default\">\n\t\t\t\t<div class=\"elementor-widget-container\">\n\t\t\t\t\t\t\t<div class=\"elementor-custom-embed\">\n\t\t\t<iframe loading=\"lazy\"\n\t\t\t\t\tsrc=\"https:\/\/maps.google.com\/maps?q=praceta%20da%20tabaqueira%20a2&#038;t=m&#038;z=16&#038;output=embed&#038;iwloc=near\"\n\t\t\t\t\ttitle=\"praceta da tabaqueira a2\"\n\t\t\t\t\taria-label=\"praceta da tabaqueira a2\"\n\t\t\t><\/iframe>\n\t\t<\/div>\n\t\t\t\t\t\t<\/div>\n\t\t\t\t<\/div>\n\t\t\t\t\t<\/div>\n\t\t<\/div>\n\t\t\t\t<div class=\"elementor-column elementor-col-50 elementor-top-column elementor-element elementor-element-c8305b8\" data-id=\"c8305b8\" data-element_type=\"column\" data-e-type=\"column\">\n\t\t\t<div class=\"elementor-widget-wrap elementor-element-populated\">\n\t\t\t\t\t\t<div class=\"elementor-element elementor-element-c711562 elementor-widget elementor-widget-image\" data-id=\"c711562\" data-element_type=\"widget\" data-e-type=\"widget\" data-widget_type=\"image.default\">\n\t\t\t\t<div class=\"elementor-widget-container\">\n\t\t\t\t\t\t\t\t\t\t\t\t\t\t\t<img decoding=\"async\" width=\"1024\" height=\"684\" src=\"https:\/\/workhub.pt\/wp-content\/uploads\/2024\/11\/workhub-prata-fachada-1024x684.webp\" class=\"attachment-large size-large wp-image-272340\" alt=\"workhub prata fachada\" srcset=\"https:\/\/workhub.pt\/wp-content\/uploads\/2024\/11\/workhub-prata-fachada-1024x684.webp 1024w, https:\/\/workhub.pt\/wp-content\/uploads\/2024\/11\/workhub-prata-fachada-500x334.webp 500w, https:\/\/workhub.pt\/wp-content\/uploads\/2024\/11\/workhub-prata-fachada-768x513.webp 768w, https:\/\/workhub.pt\/wp-content\/uploads\/2024\/11\/workhub-prata-fachada-1536x1025.webp 1536w, https:\/\/workhub.pt\/wp-content\/uploads\/2024\/11\/workhub-prata-fachada-18x12.webp 18w, https:\/\/workhub.pt\/wp-content\/uploads\/2024\/11\/workhub-prata-fachada-700x467.webp 700w, https:\/\/workhub.pt\/wp-content\/uploads\/2024\/11\/workhub-prata-fachada-1100x734.webp 1100w, https:\/\/workhub.pt\/wp-content\/uploads\/2024\/11\/workhub-prata-fachada.webp 1618w\" sizes=\"(max-width: 1024px) 100vw, 1024px\" \/>\t\t\t\t\t\t\t\t\t\t\t\t\t\t\t<\/div>\n\t\t\t\t<\/div>\n\t\t\t\t<div class=\"elementor-element elementor-element-47e0c20 elementor-widget__width-initial elementor-widget elementor-widget-text-editor\" data-id=\"47e0c20\" data-element_type=\"widget\" data-e-type=\"widget\" data-widget_type=\"text-editor.default\">\n\t\t\t\t<div class=\"elementor-widget-container\">\n\t\t\t\t\t\t\t\t\t<h3>WorkHub Prata<\/h3><p>Offices<\/p><p style=\"caret-color: #000000; color: #000000; letter-spacing: normal;\"><strong>Rua Fernando Palha 29B, 1950-130 Lisboa<\/strong><\/p><p style=\"caret-color: #000000; color: #000000; letter-spacing: normal;\">Phone: +351 218 680 966<\/p>\t\t\t\t\t\t\t\t<\/div>\n\t\t\t\t<\/div>\n\t\t\t\t<div class=\"elementor-element elementor-element-18decd4 elementor-widget elementor-widget-google_maps\" data-id=\"18decd4\" data-element_type=\"widget\" data-e-type=\"widget\" data-widget_type=\"google_maps.default\">\n\t\t\t\t<div class=\"elementor-widget-container\">\n\t\t\t\t\t\t\t<div class=\"elementor-custom-embed\">\n\t\t\t<iframe loading=\"lazy\"\n\t\t\t\t\tsrc=\"https:\/\/maps.google.com\/maps?q=rua%20Fernando%20palha%2029b&#038;t=m&#038;z=16&#038;output=embed&#038;iwloc=near\"\n\t\t\t\t\ttitle=\"rua Fernando palha 29b\"\n\t\t\t\t\taria-label=\"rua Fernando palha 29b\"\n\t\t\t><\/iframe>\n\t\t<\/div>\n\t\t\t\t\t\t<\/div>\n\t\t\t\t<\/div>\n\t\t\t\t\t<\/div>\n\t\t<\/div>\n\t\t\t\t\t<\/div>\n\t\t<\/section>\n\t\t\t\t<section class=\"elementor-section elementor-top-section elementor-element elementor-element-f44eb8e elementor-section-boxed elementor-section-height-default elementor-section-height-default parallax_section_no qode_elementor_container_no qode-content-aligment-left\" data-id=\"f44eb8e\" data-element_type=\"section\" data-e-type=\"section\">\n\t\t\t\t\t\t<div class=\"elementor-container elementor-column-gap-default\">\n\t\t\t\t\t<div class=\"elementor-column elementor-col-100 elementor-top-column elementor-element elementor-element-d75ce28\" data-id=\"d75ce28\" data-element_type=\"column\" data-e-type=\"column\">\n\t\t\t<div class=\"elementor-widget-wrap\">\n\t\t\t\t\t\t\t<\/div>\n\t\t<\/div>\n\t\t\t\t\t<\/div>\n\t\t<\/section>\n\t\t\t\t<\/div>","protected":false},"excerpt":{"rendered":"<p>Procuras um espa\u00e7o com servi\u00e7os partilhados em Lisboa? Entra em contacto ou visita-nos Sabe mais sobre os nossos planos de coworking em lisboa. Podes telefonar, enviar uma mensagem, um whatsapp, um email, uma carta ou um pombo correio. N\u00f3s respondemos.\u00a0 Preenche o formul\u00e1rio para percebermos que tipo de solu\u00e7\u00e3o \u00e9&#8230;<\/p>","protected":false},"author":1,"featured_media":0,"parent":0,"menu_order":0,"comment_status":"closed","ping_status":"closed","template":"elementor_theme","meta":{"content-type":"","_sitemap_exclude":false,"_sitemap_priority":"","_sitemap_frequency":"","footnotes":""},"class_list":["post-22290","page","type-page","status-publish","hentry"],"aioseo_notices":[],"_links":{"self":[{"href":"https:\/\/workhub.pt\/en\/wp-json\/wp\/v2\/pages\/22290","targetHints":{"allow":["GET"]}}],"collection":[{"href":"https:\/\/workhub.pt\/en\/wp-json\/wp\/v2\/pages"}],"about":[{"href":"https:\/\/workhub.pt\/en\/wp-json\/wp\/v2\/types\/page"}],"author":[{"embeddable":true,"href":"https:\/\/workhub.pt\/en\/wp-json\/wp\/v2\/users\/1"}],"replies":[{"embeddable":true,"href":"https:\/\/workhub.pt\/en\/wp-json\/wp\/v2\/comments?post=22290"}],"version-history":[{"count":210,"href":"https:\/\/workhub.pt\/en\/wp-json\/wp\/v2\/pages\/22290\/revisions"}],"predecessor-version":[{"id":272784,"href":"https:\/\/workhub.pt\/en\/wp-json\/wp\/v2\/pages\/22290\/revisions\/272784"}],"wp:attachment":[{"href":"https:\/\/workhub.pt\/en\/wp-json\/wp\/v2\/media?parent=22290"}],"curies":[{"name":"wp","href":"https:\/\/api.w.org\/{rel}","templated":true}]}}